{"id":1702,"date":"2022-06-30T10:52:07","date_gmt":"2022-06-30T03:52:07","guid":{"rendered":"https:\/\/bgnfurniture.com\/?post_type=product&#038;p=1702"},"modified":"2022-07-12T08:16:36","modified_gmt":"2022-07-12T01:16:36","slug":"du-dung-tam","status":"publish","type":"product","link":"https:\/\/bgnfurniture.com\/en\/product\/du-dung-tam\/","title":{"rendered":"Garden Umbrella N1"},"content":{"rendered":"<p><span style=\"color: #000000;\">Product Information:<\/span><\/p>\n<p><img fetchpriority=\"high\" decoding=\"async\" class=\"aligncenter size-full wp-image-1698\" src=\"https:\/\/bgnfurniture.com\/wp-content\/uploads\/2022\/06\/o-du-dung-tam.png\" alt=\"\" width=\"900\" height=\"608\" srcset=\"https:\/\/bgnfurniture.com\/wp-content\/uploads\/2022\/06\/o-du-dung-tam.png 900w, https:\/\/bgnfurniture.com\/wp-content\/uploads\/2022\/06\/o-du-dung-tam-592x400.png 592w, https:\/\/bgnfurniture.com\/wp-content\/uploads\/2022\/06\/o-du-dung-tam-768x519.png 768w, https:\/\/bgnfurniture.com\/wp-content\/uploads\/2022\/06\/o-du-dung-tam-18x12.png 18w, https:\/\/bgnfurniture.com\/wp-content\/uploads\/2022\/06\/o-du-dung-tam-510x345.png 510w\" sizes=\"(max-width: 900px) 100vw, 900px\" \/><\/p>","protected":false},"excerpt":{"rendered":"<p>K\u00edch Th\u01b0\u1edbc: \u0110\u01b0\u1eddng k\u00ednh t\u00e1n d\u00f9 3m<br \/>\n<span style=\"color: #000000;\"><strong><span style=\"font-size: 120%;\"><span style=\"color: #000077;\">Contact: <!--This link will work on Android and iPhone. It will be visible to desktop users but will result in an error when clicked --><\/span><a style=\"color: #000000;\" href=\"tel:093 12345 75\"><span style=\"color: #000077;\">093 12345 75<\/span><\/a><\/span><\/strong><\/span><\/p>","protected":false},"featured_media":1698,"comment_status":"open","ping_status":"closed","template":"","meta":{"_eb_attr":""},"product_brand":[],"product_cat":[68],"product_tag":[468,469,470,471,463,465,464],"class_list":{"0":"post-1702","1":"product","2":"type-product","3":"status-publish","4":"has-post-thumbnail","6":"product_cat-bo-suu-tap-ban-ghe-san-vuon","7":"product_tag-du","8":"product_tag-du-dung-tam","9":"product_tag-du-dung-tam-tron","10":"product_tag-du-picnic","11":"product_tag-du-san-vuon","12":"product_tag-ngoai-troi","13":"product_tag-san-vuon","15":"first","16":"instock","17":"taxable","18":"shipping-taxable","19":"product-type-simple"},"_links":{"self":[{"href":"https:\/\/bgnfurniture.com\/en\/wp-json\/wp\/v2\/product\/1702","targetHints":{"allow":["GET"]}}],"collection":[{"href":"https:\/\/bgnfurniture.com\/en\/wp-json\/wp\/v2\/product"}],"about":[{"href":"https:\/\/bgnfurniture.com\/en\/wp-json\/wp\/v2\/types\/product"}],"replies":[{"embeddable":true,"href":"https:\/\/bgnfurniture.com\/en\/wp-json\/wp\/v2\/comments?post=1702"}],"wp:featuredmedia":[{"embeddable":true,"href":"https:\/\/bgnfurniture.com\/en\/wp-json\/wp\/v2\/media\/1698"}],"wp:attachment":[{"href":"https:\/\/bgnfurniture.com\/en\/wp-json\/wp\/v2\/media?parent=1702"}],"wp:term":[{"taxonomy":"product_brand","embeddable":true,"href":"https:\/\/bgnfurniture.com\/en\/wp-json\/wp\/v2\/product_brand?post=1702"},{"taxonomy":"product_cat","embeddable":true,"href":"https:\/\/bgnfurniture.com\/en\/wp-json\/wp\/v2\/product_cat?post=1702"},{"taxonomy":"product_tag","embeddable":true,"href":"https:\/\/bgnfurniture.com\/en\/wp-json\/wp\/v2\/product_tag?post=1702"}],"curies":[{"name":"wp","href":"https:\/\/api.w.org\/{rel}","templated":true}]}}