{"id":2084,"date":"2022-07-21T09:37:01","date_gmt":"2022-07-21T02:37:01","guid":{"rendered":"https:\/\/bgnfurniture.com\/?post_type=product&#038;p=2084"},"modified":"2024-11-01T10:43:21","modified_gmt":"2024-11-01T03:43:21","slug":"bo-ban-ghe-san-vuon-gf053-20-08","status":"publish","type":"product","link":"https:\/\/bgnfurniture.com\/en\/product\/bo-ban-ghe-san-vuon-gf053-20-08\/","title":{"rendered":"Garden Furniture Set GF053-20-08"},"content":{"rendered":"<p><span style=\"color: #000000;\">.<\/span><br \/>\n<span style=\"color: #000000;\">\u00a0 \u00a0 \u2022 3<\/span><span style=\"color: #000000;\"> B\u00e0n Nh\u00f4m L\u1ee5c B\u00ecnh Vu\u00f4ng 950 mm<\/span><br \/>\n<span style=\"color: #000000;\">\u00a0 \u00a0 \u2022 8 Gh\u1ebf AC-20<\/span><\/p>\n<p><span style=\"color: #000000;\"> <img fetchpriority=\"high\" decoding=\"async\" class=\"aligncenter size-large wp-image-2091\" src=\"https:\/\/bgnfurniture.com\/wp-content\/uploads\/2022\/07\/QR-MS-LOGO-BGN-GF053-20-08-1067x800.jpg\" alt=\"\" width=\"1020\" height=\"765\" srcset=\"https:\/\/bgnfurniture.com\/wp-content\/uploads\/2022\/07\/QR-MS-LOGO-BGN-GF053-20-08-1067x800.jpg 1067w, https:\/\/bgnfurniture.com\/wp-content\/uploads\/2022\/07\/QR-MS-LOGO-BGN-GF053-20-08-533x400.jpg 533w, https:\/\/bgnfurniture.com\/wp-content\/uploads\/2022\/07\/QR-MS-LOGO-BGN-GF053-20-08-768x576.jpg 768w, https:\/\/bgnfurniture.com\/wp-content\/uploads\/2022\/07\/QR-MS-LOGO-BGN-GF053-20-08-1536x1152.jpg 1536w, https:\/\/bgnfurniture.com\/wp-content\/uploads\/2022\/07\/QR-MS-LOGO-BGN-GF053-20-08-16x12.jpg 16w, https:\/\/bgnfurniture.com\/wp-content\/uploads\/2022\/07\/QR-MS-LOGO-BGN-GF053-20-08-510x383.jpg 510w, https:\/\/bgnfurniture.com\/wp-content\/uploads\/2022\/07\/QR-MS-LOGO-BGN-GF053-20-08.jpg 1600w\" sizes=\"(max-width: 1020px) 100vw, 1020px\" \/><img decoding=\"async\" class=\"aligncenter size-large wp-image-1206\" src=\"https:\/\/bgnfurniture.com\/wp-content\/uploads\/2022\/06\/L-1067x800.png\" alt=\"\" width=\"1020\" height=\"765\" srcset=\"https:\/\/bgnfurniture.com\/wp-content\/uploads\/2022\/06\/L-1067x800.png 1067w, https:\/\/bgnfurniture.com\/wp-content\/uploads\/2022\/06\/L-533x400.png 533w, https:\/\/bgnfurniture.com\/wp-content\/uploads\/2022\/06\/L-768x576.png 768w, https:\/\/bgnfurniture.com\/wp-content\/uploads\/2022\/06\/L-1536x1152.png 1536w, https:\/\/bgnfurniture.com\/wp-content\/uploads\/2022\/06\/L-2048x1536.png 2048w, https:\/\/bgnfurniture.com\/wp-content\/uploads\/2022\/06\/L-510x383.png 510w\" sizes=\"(max-width: 1020px) 100vw, 1020px\" \/><img decoding=\"async\" class=\"aligncenter size-large wp-image-2279\" src=\"https:\/\/bgnfurniture.com\/wp-content\/uploads\/2022\/06\/TI-S-95-L73-C15-B-1067x800.png\" alt=\"\" width=\"1020\" height=\"765\" srcset=\"https:\/\/bgnfurniture.com\/wp-content\/uploads\/2022\/06\/TI-S-95-L73-C15-B-1067x800.png 1067w, https:\/\/bgnfurniture.com\/wp-content\/uploads\/2022\/06\/TI-S-95-L73-C15-B-533x400.png 533w, https:\/\/bgnfurniture.com\/wp-content\/uploads\/2022\/06\/TI-S-95-L73-C15-B-768x576.png 768w, https:\/\/bgnfurniture.com\/wp-content\/uploads\/2022\/06\/TI-S-95-L73-C15-B-1536x1152.png 1536w, https:\/\/bgnfurniture.com\/wp-content\/uploads\/2022\/06\/TI-S-95-L73-C15-B-2048x1536.png 2048w, https:\/\/bgnfurniture.com\/wp-content\/uploads\/2022\/06\/TI-S-95-L73-C15-B-16x12.png 16w, https:\/\/bgnfurniture.com\/wp-content\/uploads\/2022\/06\/TI-S-95-L73-C15-B-510x383.png 510w\" sizes=\"(max-width: 1020px) 100vw, 1020px\" \/> <img loading=\"lazy\" decoding=\"async\" class=\"aligncenter size-large wp-image-2278\" src=\"https:\/\/bgnfurniture.com\/wp-content\/uploads\/2022\/06\/TI-S_95-L73-C15-Br-1067x800.png\" alt=\"\" width=\"1020\" height=\"765\" srcset=\"https:\/\/bgnfurniture.com\/wp-content\/uploads\/2022\/06\/TI-S_95-L73-C15-Br-1067x800.png 1067w, https:\/\/bgnfurniture.com\/wp-content\/uploads\/2022\/06\/TI-S_95-L73-C15-Br-533x400.png 533w, https:\/\/bgnfurniture.com\/wp-content\/uploads\/2022\/06\/TI-S_95-L73-C15-Br-768x576.png 768w, https:\/\/bgnfurniture.com\/wp-content\/uploads\/2022\/06\/TI-S_95-L73-C15-Br-1536x1152.png 1536w, https:\/\/bgnfurniture.com\/wp-content\/uploads\/2022\/06\/TI-S_95-L73-C15-Br-2048x1536.png 2048w, https:\/\/bgnfurniture.com\/wp-content\/uploads\/2022\/06\/TI-S_95-L73-C15-Br-16x12.png 16w, https:\/\/bgnfurniture.com\/wp-content\/uploads\/2022\/06\/TI-S_95-L73-C15-Br-510x383.png 510w\" sizes=\"(max-width: 1020px) 100vw, 1020px\" \/><img loading=\"lazy\" decoding=\"async\" class=\"aligncenter size-large wp-image-1709\" src=\"https:\/\/bgnfurniture.com\/wp-content\/uploads\/2022\/06\/CBLB58-73-1067x800.jpg\" alt=\"\" width=\"1020\" height=\"765\" srcset=\"https:\/\/bgnfurniture.com\/wp-content\/uploads\/2022\/06\/CBLB58-73-1067x800.jpg 1067w, https:\/\/bgnfurniture.com\/wp-content\/uploads\/2022\/06\/CBLB58-73-533x400.jpg 533w, https:\/\/bgnfurniture.com\/wp-content\/uploads\/2022\/06\/CBLB58-73-768x576.jpg 768w, https:\/\/bgnfurniture.com\/wp-content\/uploads\/2022\/06\/CBLB58-73-1536x1152.jpg 1536w, https:\/\/bgnfurniture.com\/wp-content\/uploads\/2022\/06\/CBLB58-73-16x12.jpg 16w, https:\/\/bgnfurniture.com\/wp-content\/uploads\/2022\/06\/CBLB58-73-510x383.jpg 510w, https:\/\/bgnfurniture.com\/wp-content\/uploads\/2022\/06\/CBLB58-73.jpg 2048w\" sizes=\"(max-width: 1020px) 100vw, 1020px\" \/> <img loading=\"lazy\" decoding=\"async\" class=\"aligncenter size-large wp-image-1708\" src=\"https:\/\/bgnfurniture.com\/wp-content\/uploads\/2022\/06\/CBLB58-73.1-1067x800.jpg\" alt=\"\" width=\"1020\" height=\"765\" srcset=\"https:\/\/bgnfurniture.com\/wp-content\/uploads\/2022\/06\/CBLB58-73.1-1067x800.jpg 1067w, https:\/\/bgnfurniture.com\/wp-content\/uploads\/2022\/06\/CBLB58-73.1-533x400.jpg 533w, https:\/\/bgnfurniture.com\/wp-content\/uploads\/2022\/06\/CBLB58-73.1-768x576.jpg 768w, https:\/\/bgnfurniture.com\/wp-content\/uploads\/2022\/06\/CBLB58-73.1-1536x1152.jpg 1536w, https:\/\/bgnfurniture.com\/wp-content\/uploads\/2022\/06\/CBLB58-73.1-16x12.jpg 16w, https:\/\/bgnfurniture.com\/wp-content\/uploads\/2022\/06\/CBLB58-73.1-510x383.jpg 510w, https:\/\/bgnfurniture.com\/wp-content\/uploads\/2022\/06\/CBLB58-73.1.jpg 2048w\" sizes=\"(max-width: 1020px) 100vw, 1020px\" \/><img loading=\"lazy\" decoding=\"async\" class=\"aligncenter size-large wp-image-498\" src=\"https:\/\/bgnfurniture.com\/wp-content\/uploads\/2022\/05\/AC-20-3-1067x800.png\" alt=\"AC-20\" width=\"1020\" height=\"765\" srcset=\"https:\/\/bgnfurniture.com\/wp-content\/uploads\/2022\/05\/AC-20-3-1067x800.png 1067w, https:\/\/bgnfurniture.com\/wp-content\/uploads\/2022\/05\/AC-20-3-533x400.png 533w, https:\/\/bgnfurniture.com\/wp-content\/uploads\/2022\/05\/AC-20-3-768x576.png 768w, https:\/\/bgnfurniture.com\/wp-content\/uploads\/2022\/05\/AC-20-3-1536x1152.png 1536w, https:\/\/bgnfurniture.com\/wp-content\/uploads\/2022\/05\/AC-20-3-510x383.png 510w, https:\/\/bgnfurniture.com\/wp-content\/uploads\/2022\/05\/AC-20-3.png 2000w\" sizes=\"(max-width: 1020px) 100vw, 1020px\" \/> <img loading=\"lazy\" decoding=\"async\" class=\"aligncenter size-large wp-image-496\" src=\"https:\/\/bgnfurniture.com\/wp-content\/uploads\/2022\/05\/AC-20-1-1067x800.png\" alt=\"AC-20\" width=\"1020\" height=\"765\" srcset=\"https:\/\/bgnfurniture.com\/wp-content\/uploads\/2022\/05\/AC-20-1-1067x800.png 1067w, https:\/\/bgnfurniture.com\/wp-content\/uploads\/2022\/05\/AC-20-1-533x400.png 533w, https:\/\/bgnfurniture.com\/wp-content\/uploads\/2022\/05\/AC-20-1-768x576.png 768w, https:\/\/bgnfurniture.com\/wp-content\/uploads\/2022\/05\/AC-20-1-1536x1152.png 1536w, https:\/\/bgnfurniture.com\/wp-content\/uploads\/2022\/05\/AC-20-1-510x383.png 510w, https:\/\/bgnfurniture.com\/wp-content\/uploads\/2022\/05\/AC-20-1.png 2000w\" sizes=\"(max-width: 1020px) 100vw, 1020px\" \/> <img loading=\"lazy\" decoding=\"async\" class=\"aligncenter size-large wp-image-497\" src=\"https:\/\/bgnfurniture.com\/wp-content\/uploads\/2022\/05\/AC-20-2-1067x800.png\" alt=\"AC-20\" width=\"1020\" height=\"765\" srcset=\"https:\/\/bgnfurniture.com\/wp-content\/uploads\/2022\/05\/AC-20-2-1067x800.png 1067w, https:\/\/bgnfurniture.com\/wp-content\/uploads\/2022\/05\/AC-20-2-533x400.png 533w, https:\/\/bgnfurniture.com\/wp-content\/uploads\/2022\/05\/AC-20-2-768x576.png 768w, https:\/\/bgnfurniture.com\/wp-content\/uploads\/2022\/05\/AC-20-2-1536x1152.png 1536w, https:\/\/bgnfurniture.com\/wp-content\/uploads\/2022\/05\/AC-20-2-510x383.png 510w, https:\/\/bgnfurniture.com\/wp-content\/uploads\/2022\/05\/AC-20-2.png 2000w\" sizes=\"(max-width: 1020px) 100vw, 1020px\" \/><img loading=\"lazy\" decoding=\"async\" class=\"aligncenter size-large wp-image-2313\" src=\"https:\/\/bgnfurniture.com\/wp-content\/uploads\/2022\/05\/Chi-tiet-AC-20-533x800.jpg\" alt=\"\" width=\"533\" height=\"800\" srcset=\"https:\/\/bgnfurniture.com\/wp-content\/uploads\/2022\/05\/Chi-tiet-AC-20-533x800.jpg 533w, https:\/\/bgnfurniture.com\/wp-content\/uploads\/2022\/05\/Chi-tiet-AC-20-267x400.jpg 267w, https:\/\/bgnfurniture.com\/wp-content\/uploads\/2022\/05\/Chi-tiet-AC-20-768x1152.jpg 768w, https:\/\/bgnfurniture.com\/wp-content\/uploads\/2022\/05\/Chi-tiet-AC-20-1024x1536.jpg 1024w, https:\/\/bgnfurniture.com\/wp-content\/uploads\/2022\/05\/Chi-tiet-AC-20-1365x2048.jpg 1365w, https:\/\/bgnfurniture.com\/wp-content\/uploads\/2022\/05\/Chi-tiet-AC-20-8x12.jpg 8w, https:\/\/bgnfurniture.com\/wp-content\/uploads\/2022\/05\/Chi-tiet-AC-20-510x765.jpg 510w, https:\/\/bgnfurniture.com\/wp-content\/uploads\/2022\/05\/Chi-tiet-AC-20-scaled.jpg 1707w\" sizes=\"(max-width: 533px) 100vw, 533px\" \/><img loading=\"lazy\" decoding=\"async\" class=\"aligncenter size-large wp-image-2328\" src=\"https:\/\/bgnfurniture.com\/wp-content\/uploads\/2022\/06\/Packing-AC-20-1066x800.jpg\" alt=\"\" width=\"1020\" height=\"765\" srcset=\"https:\/\/bgnfurniture.com\/wp-content\/uploads\/2022\/06\/Packing-AC-20-1066x800.jpg 1066w, https:\/\/bgnfurniture.com\/wp-content\/uploads\/2022\/06\/Packing-AC-20-533x400.jpg 533w, https:\/\/bgnfurniture.com\/wp-content\/uploads\/2022\/06\/Packing-AC-20-768x576.jpg 768w, https:\/\/bgnfurniture.com\/wp-content\/uploads\/2022\/06\/Packing-AC-20-1536x1152.jpg 1536w, https:\/\/bgnfurniture.com\/wp-content\/uploads\/2022\/06\/Packing-AC-20-2048x1536.jpg 2048w, https:\/\/bgnfurniture.com\/wp-content\/uploads\/2022\/06\/Packing-AC-20-16x12.jpg 16w, https:\/\/bgnfurniture.com\/wp-content\/uploads\/2022\/06\/Packing-AC-20-510x383.jpg 510w\" sizes=\"(max-width: 1020px) 100vw, 1020px\" \/><img loading=\"lazy\" decoding=\"async\" class=\"aligncenter size-large wp-image-3070\" src=\"https:\/\/bgnfurniture.com\/wp-content\/uploads\/2022\/07\/S-95-20-08-3b-1067x800.jpg\" alt=\"\" width=\"1020\" height=\"765\" srcset=\"https:\/\/bgnfurniture.com\/wp-content\/uploads\/2022\/07\/S-95-20-08-3b-1067x800.jpg 1067w, https:\/\/bgnfurniture.com\/wp-content\/uploads\/2022\/07\/S-95-20-08-3b-533x400.jpg 533w, https:\/\/bgnfurniture.com\/wp-content\/uploads\/2022\/07\/S-95-20-08-3b-768x576.jpg 768w, https:\/\/bgnfurniture.com\/wp-content\/uploads\/2022\/07\/S-95-20-08-3b-1536x1152.jpg 1536w, https:\/\/bgnfurniture.com\/wp-content\/uploads\/2022\/07\/S-95-20-08-3b-16x12.jpg 16w, https:\/\/bgnfurniture.com\/wp-content\/uploads\/2022\/07\/S-95-20-08-3b-510x383.jpg 510w, https:\/\/bgnfurniture.com\/wp-content\/uploads\/2022\/07\/S-95-20-08-3b.jpg 1600w\" sizes=\"(max-width: 1020px) 100vw, 1020px\" \/> <\/span><br \/>\n<span style=\"color: #000000;\">Technical information:<\/span><\/p>\n<table style=\"height: 234px; width: 100%; border-collapse: collapse;\" border=\"1\">\n<tbody>\n<tr style=\"height: 22px;\">\n<td style=\"width: 21.4541%; height: 22px; text-align: center;\"><span style=\"color: #000000;\"><strong>Product's name<\/strong><\/span><\/td>\n<td style=\"width: 78.4788%; height: 22px;\"><span style=\"color: #000000;\"><strong>B\u00e0n Nh\u00f4m Vu\u00f4ng Ch\u00e2n Tr\u1ee5 950 mm<\/strong><\/span><\/td>\n<\/tr>\n<tr style=\"height: 23px;\">\n<td style=\"width: 21.4541%; height: 23px;\"><span style=\"color: #000000;\"><strong>Models<\/strong><\/span><\/td>\n<td style=\"width: 78.4788%; height: 23px;\"><span style=\"color: #000000;\"><strong>TI-S-95-L73-C15<\/strong><\/span><\/td>\n<\/tr>\n<tr style=\"height: 23px;\">\n<td style=\"width: 21.4541%; height: 23px;\"><span style=\"color: #000000;\">Colors<\/span><\/td>\n<td style=\"width: 78.4788%; height: 23px;\"><span style=\"color: #000000;\">White\/ Bronze\/ Black\u00a0<\/span><\/td>\n<\/tr>\n<tr style=\"height: 21px;\">\n<td style=\"width: 21.4541%; height: 21px;\"><span style=\"color: #000000;\">Top Coat Finishing<\/span><\/td>\n<td style=\"width: 78.4788%; height: 21px;\"><span style=\"color: #000000;\">Sand Blasted<\/span><\/td>\n<\/tr>\n<tr style=\"height: 19px;\">\n<td style=\"width: 21.4541%; height: 19px;\"><span style=\"color: #000000;\"><strong>Dimensions<\/strong><\/span><\/td>\n<td style=\"width: 78.4788%; height: 19px;\"><span style=\"color: #000000;\"><b>L950xW950xH740 mm<\/b><\/span><\/td>\n<\/tr>\n<tr style=\"height: 23px;\">\n<td style=\"width: 21.4541%; height: 23px;\"><span style=\"color: #000000;\">Surface Paint<\/span><\/td>\n<td style=\"width: 78.4788%; height: 23px;\"><span style=\"color: #000000;\">Powder Coating\u00a0<\/span><\/td>\n<\/tr>\n<tr style=\"height: 23px;\">\n<td style=\"width: 21.4541%; height: 23px;\"><span style=\"color: #000000;\">Material<\/span><\/td>\n<td style=\"width: 78.4788%; height: 23px;\"><span style=\"color: #000000;\">Aluminum<\/span><\/td>\n<\/tr>\n<tr style=\"height: 20px;\">\n<td style=\"width: 21.4541%; height: 20px;\"><span style=\"color: #000000;\">Style<\/span><\/td>\n<td style=\"width: 78.4788%; height: 20px;\"><span style=\"color: #000000;\">Classic<\/span><\/td>\n<\/tr>\n<tr style=\"height: 23px;\">\n<td style=\"width: 21.4541%; height: 24px;\"><span style=\"color: #000000;\">Origin<\/span><\/td>\n<td style=\"width: 78.4788%; height: 24px;\"><span style=\"color: #000000;\">Viet Nam<\/span><\/td>\n<\/tr>\n<tr style=\"height: 31px;\">\n<td style=\"width: 21.4541%; height: 31px;\"><span style=\"color: #000000;\"><strong>Brand<\/strong><\/span><\/td>\n<td style=\"width: 78.4788%; height: 31px;\"><span style=\"color: #000000;\"><strong>bgn.vn<\/strong><\/span><\/td>\n<\/tr>\n<tr style=\"height: 23px;\">\n<td style=\"width: 21.4541%; height: 23px;\"><span style=\"color: #000000;\">Warranty<\/span><\/td>\n<td style=\"width: 78.4788%; height: 23px;\"><span style=\"color: #000000;\">2 years<\/span><\/td>\n<\/tr>\n<\/tbody>\n<\/table>\n<p>&nbsp;<\/p>\n<table style=\"height: 250px; width: 100%; border-collapse: collapse; border-style: solid;\" border=\"1\">\n<tbody>\n<tr style=\"height: 22px;\">\n<td style=\"width: 21.4286%; height: 22px; text-align: center;\"><span style=\"color: #000000;\"><strong>Product's name<\/strong><\/span><\/td>\n<td style=\"width: 78.4524%; height: 22px;\"><span style=\"color: #000000;\"><strong>Cast Aluminum Chairs AC-20<\/strong><\/span><\/td>\n<\/tr>\n<tr style=\"height: 23px;\">\n<td style=\"width: 21.4286%; height: 23px;\"><span style=\"color: #000000;\"><strong>Models<\/strong><\/span><\/td>\n<td style=\"width: 78.4524%; height: 23px;\"><span style=\"color: #000000;\"><b>AC-20<\/b><\/span><\/td>\n<\/tr>\n<tr style=\"height: 23px;\">\n<td style=\"width: 21.4286%; height: 23px;\"><span style=\"color: #000000;\">Colors<\/span><\/td>\n<td style=\"width: 78.4524%; height: 23px;\"><span style=\"color: #000000;\">White\/ Bronze\/ Black<\/span><\/td>\n<\/tr>\n<tr style=\"height: 21px;\">\n<td style=\"width: 21.4286%; height: 21px;\"><span style=\"color: #000000;\">Top Coat Finishing<\/span><\/td>\n<td style=\"width: 78.4524%; height: 21px;\"><span style=\"color: #000000;\">Sand Blasted<\/span><\/td>\n<\/tr>\n<tr style=\"height: 23px;\">\n<td style=\"width: 21.4286%; height: 23px;\"><span style=\"color: #000000;\"><strong>Dimensions<\/strong><\/span><\/td>\n<td style=\"width: 78.4524%; height: 23px;\"><span style=\"color: #000000;\"><strong>L490xW420xH920 mm<\/strong><\/span><\/td>\n<\/tr>\n<tr style=\"height: 23px;\">\n<td style=\"width: 21.4286%; height: 23px;\"><span style=\"color: #000000;\">Surface Paint<\/span><\/td>\n<td style=\"width: 78.4524%; height: 23px;\"><span style=\"color: #000000;\">Powder Coating<\/span><\/td>\n<\/tr>\n<tr style=\"height: 23px;\">\n<td style=\"width: 21.4286%; height: 23px;\"><span style=\"color: #000000;\">Material<\/span><\/td>\n<td style=\"width: 78.4524%; height: 23px;\"><span style=\"color: #000000;\">Aluminum<\/span><\/td>\n<\/tr>\n<tr style=\"height: 23px;\">\n<td style=\"width: 21.4286%; height: 23px;\"><span style=\"color: #000000;\">Style<\/span><\/td>\n<td style=\"width: 78.4524%; height: 23px;\"><span style=\"color: #000000;\">Classic<\/span><\/td>\n<\/tr>\n<tr style=\"height: 23px;\">\n<td style=\"width: 21.4286%; height: 23px;\"><span style=\"color: #000000;\">Origin<\/span><\/td>\n<td style=\"width: 78.4524%; height: 23px;\"><span style=\"color: #000000;\">Viet Nam<\/span><\/td>\n<\/tr>\n<tr style=\"height: 23px;\">\n<td style=\"width: 21.4286%; height: 23px;\"><span style=\"color: #000000;\"><strong>Brand<\/strong><\/span><\/td>\n<td style=\"width: 78.4524%; height: 23px;\"><span style=\"color: #000000;\"><strong>bgn.vn<\/strong><\/span><\/td>\n<\/tr>\n<tr style=\"height: 23px;\">\n<td style=\"width: 21.4286%; height: 23px;\"><span style=\"color: #000000;\">Warranty<\/span><\/td>\n<td style=\"width: 78.4524%; height: 23px;\"><span style=\"color: #000000;\">2 years<\/span><\/td>\n<\/tr>\n<\/tbody>\n<\/table>\n<p><span style=\"color: #000000;\"><span style=\"font-size: 19px;\">Call <!--This link will work on Android and iPhone. It will be visible to desktop users but will result in an error when clicked --><span style=\"color: #000077;\"><a style=\"color: #000077;\" href=\"tel:093 12345 75\">093 12345 75<\/a> <\/span>To own a set of high-class cast aluminum furniture at the most reasonable price!<\/span><\/span><\/p>","protected":false},"excerpt":{"rendered":"<p><span style=\"color: #000000;\"><strong>T\u00ean s\u1ea3n ph\u1ea9m: B\u1ed9 B\u00e0n Gh\u1ebf \u0102n<\/strong><br \/>\n<strong>M\u00e3 s\u1ed1: BGN-GF052-20-08<\/strong><br \/>\nDimensions: See details below<br \/>\nMaterial: Aluminum<br \/>\nColors: White\/ Bronze\/ Black<br \/>\n<span style=\"font-size: 100%;\"><span style=\"color: #ed1c24; font-size: 110%;\"><strong>(Customers who need Black products or color options please get in touch with us for advice and orders.)<\/strong><\/span><\/span><br \/>\nTop Coat Finishing: Sand Blasted<br \/>\n<strong style=\"color: #555555; font-size: 14.4px;\"><span style=\"color: #000000;\">(The above price does not include VAT)<\/span><\/strong><br \/>\n<span style=\"color: #000077;\"><strong><span style=\"font-size: 120%;\">Contact: <!--This link will work on Android and iPhone. It will be visible to desktop users but will result in an error when clicked --><a style=\"color: #000077;\" href=\"tel:093 12345 75\">093 12345 75<\/a><\/span><\/strong><\/span><\/span><\/p>\n<p><span style=\"color: #000077;\"><strong><span style=\"font-size: 110%;\">Table assembly instructions<\/span><\/strong><\/span><br \/>\n<span style=\"text-decoration: underline;\"><a href=\"https:\/\/bgnfurniture.com\/en\/video-lap-rap-ghe-ac-01-ac-02\/\"><span style=\"color: #000077;\"><strong><span style=\"font-size: 110%;\">Chair assembly instructions<\/span><\/strong><\/span><\/a><\/span><\/p>","protected":false},"featured_media":2091,"comment_status":"open","ping_status":"closed","template":"","meta":{"_eb_attr":""},"product_brand":[],"product_cat":[68],"product_tag":[551,119,111,76,75,109,562,1077,1078,464,114],"class_list":{"0":"post-2084","1":"product","2":"type-product","3":"status-publish","4":"has-post-thumbnail","6":"product_cat-bo-suu-tap-ban-ghe-san-vuon","7":"product_tag-8-ghe-ac-20","8":"product_tag-ac-20","9":"product_tag-ban-ghe-an","10":"product_tag-ban-ghe-san-vuon","11":"product_tag-ban-san-vuon","12":"product_tag-ban-vuong-945","13":"product_tag-bgn-gf053-20-08","14":"product_tag-bo-ban-ghe-san-vuon","15":"product_tag-ghe-san-vuon","16":"product_tag-san-vuon","17":"product_tag-ti-s-95-l73-c15","19":"first","20":"instock","21":"taxable","22":"shipping-taxable","23":"product-type-simple"},"_links":{"self":[{"href":"https:\/\/bgnfurniture.com\/en\/wp-json\/wp\/v2\/product\/2084","targetHints":{"allow":["GET"]}}],"collection":[{"href":"https:\/\/bgnfurniture.com\/en\/wp-json\/wp\/v2\/product"}],"about":[{"href":"https:\/\/bgnfurniture.com\/en\/wp-json\/wp\/v2\/types\/product"}],"replies":[{"embeddable":true,"href":"https:\/\/bgnfurniture.com\/en\/wp-json\/wp\/v2\/comments?post=2084"}],"wp:featuredmedia":[{"embeddable":true,"href":"https:\/\/bgnfurniture.com\/en\/wp-json\/wp\/v2\/media\/2091"}],"wp:attachment":[{"href":"https:\/\/bgnfurniture.com\/en\/wp-json\/wp\/v2\/media?parent=2084"}],"wp:term":[{"taxonomy":"product_brand","embeddable":true,"href":"https:\/\/bgnfurniture.com\/en\/wp-json\/wp\/v2\/product_brand?post=2084"},{"taxonomy":"product_cat","embeddable":true,"href":"https:\/\/bgnfurniture.com\/en\/wp-json\/wp\/v2\/product_cat?post=2084"},{"taxonomy":"product_tag","embeddable":true,"href":"https:\/\/bgnfurniture.com\/en\/wp-json\/wp\/v2\/product_tag?post=2084"}],"curies":[{"name":"wp","href":"https:\/\/api.w.org\/{rel}","templated":true}]}}