{"id":2814,"date":"2022-11-10T09:45:55","date_gmt":"2022-11-10T02:45:55","guid":{"rendered":"https:\/\/bgnfurniture.com\/?post_type=product&#038;p=2814"},"modified":"2024-07-20T15:44:06","modified_gmt":"2024-07-20T08:44:06","slug":"bo-ban-ghe-sofa-bgn-sf51-wrg-03-03","status":"publish","type":"product","link":"https:\/\/bgnfurniture.com\/en\/product\/bo-ban-ghe-sofa-bgn-sf51-wrg-03-03\/","title":{"rendered":"Sofa furniture set SF51-WRG-03-03"},"content":{"rendered":"<p><span style=\"color: #000000;\">.<\/span><\/p>\n<ul>\n<li><span style=\"color: #000000;\">1 B\u00e0n Nh\u00f4m M\u1eb7t G\u1ed7 Me T\u00e2y Tr\u01a1n Elip 1005&#215;610 mm<\/span><\/li>\n<li><span style=\"color: #000000;\">2 Gh\u1ebf Nh\u00f4m \u0110\u00fac AC-03<\/span><\/li>\n<li><span style=\"color: #000000;\">1 Gh\u1ebf C\u00f4ng Vi\u00ean PB-06<\/span><\/li>\n<\/ul>\n<p><img fetchpriority=\"high\" decoding=\"async\" class=\"size-large wp-image-2815 aligncenter\" src=\"https:\/\/bgnfurniture.com\/wp-content\/uploads\/2022\/11\/BGN-SF51-WRG-03-03-Br-1067x800.jpg\" alt=\"\" width=\"1020\" height=\"765\" srcset=\"https:\/\/bgnfurniture.com\/wp-content\/uploads\/2022\/11\/BGN-SF51-WRG-03-03-Br-1067x800.jpg 1067w, https:\/\/bgnfurniture.com\/wp-content\/uploads\/2022\/11\/BGN-SF51-WRG-03-03-Br-533x400.jpg 533w, https:\/\/bgnfurniture.com\/wp-content\/uploads\/2022\/11\/BGN-SF51-WRG-03-03-Br-768x576.jpg 768w, https:\/\/bgnfurniture.com\/wp-content\/uploads\/2022\/11\/BGN-SF51-WRG-03-03-Br-1536x1152.jpg 1536w, https:\/\/bgnfurniture.com\/wp-content\/uploads\/2022\/11\/BGN-SF51-WRG-03-03-Br-16x12.jpg 16w, https:\/\/bgnfurniture.com\/wp-content\/uploads\/2022\/11\/BGN-SF51-WRG-03-03-Br-510x383.jpg 510w, https:\/\/bgnfurniture.com\/wp-content\/uploads\/2022\/11\/BGN-SF51-WRG-03-03-Br.jpg 1600w\" sizes=\"(max-width: 1020px) 100vw, 1020px\" \/><a href=\"https:\/\/bgnfurniture.com\/wp-content\/uploads\/2022\/06\/PB-06-Cm-In.jpg\"><img decoding=\"async\" class=\"aligncenter size-large wp-image-3209\" src=\"https:\/\/bgnfurniture.com\/wp-content\/uploads\/2022\/06\/PB-06-Cm-In-1067x800.jpg\" alt=\"\" width=\"1020\" height=\"765\" srcset=\"https:\/\/bgnfurniture.com\/wp-content\/uploads\/2022\/06\/PB-06-Cm-In-1067x800.jpg 1067w, https:\/\/bgnfurniture.com\/wp-content\/uploads\/2022\/06\/PB-06-Cm-In-533x400.jpg 533w, https:\/\/bgnfurniture.com\/wp-content\/uploads\/2022\/06\/PB-06-Cm-In-768x576.jpg 768w, https:\/\/bgnfurniture.com\/wp-content\/uploads\/2022\/06\/PB-06-Cm-In-1536x1152.jpg 1536w, https:\/\/bgnfurniture.com\/wp-content\/uploads\/2022\/06\/PB-06-Cm-In-16x12.jpg 16w, https:\/\/bgnfurniture.com\/wp-content\/uploads\/2022\/06\/PB-06-Cm-In-510x383.jpg 510w, https:\/\/bgnfurniture.com\/wp-content\/uploads\/2022\/06\/PB-06-Cm-In.jpg 2000w\" sizes=\"(max-width: 1020px) 100vw, 1020px\" \/><\/a><img decoding=\"async\" class=\"aligncenter size-large wp-image-2364\" src=\"https:\/\/bgnfurniture.com\/wp-content\/uploads\/2022\/06\/PB-06-W-1067x800.png\" alt=\"\" width=\"1020\" height=\"765\" \/> <img loading=\"lazy\" decoding=\"async\" class=\"aligncenter size-large wp-image-2365\" src=\"https:\/\/bgnfurniture.com\/wp-content\/uploads\/2022\/06\/PB-06-Br-1067x800.png\" alt=\"\" width=\"1020\" height=\"765\" \/> <a href=\"https:\/\/bgnfurniture.com\/wp-content\/uploads\/2022\/06\/AC-03-Cm-In.jpg\"><img loading=\"lazy\" decoding=\"async\" class=\"aligncenter wp-image-3240 size-large\" src=\"https:\/\/bgnfurniture.com\/wp-content\/uploads\/2022\/06\/AC-03-Cm-In-800x800.jpg\" alt=\"\" width=\"800\" height=\"800\" srcset=\"https:\/\/bgnfurniture.com\/wp-content\/uploads\/2022\/06\/AC-03-Cm-In-800x800.jpg 800w, https:\/\/bgnfurniture.com\/wp-content\/uploads\/2022\/06\/AC-03-Cm-In-400x400.jpg 400w, https:\/\/bgnfurniture.com\/wp-content\/uploads\/2022\/06\/AC-03-Cm-In-280x280.jpg 280w, https:\/\/bgnfurniture.com\/wp-content\/uploads\/2022\/06\/AC-03-Cm-In-768x768.jpg 768w, https:\/\/bgnfurniture.com\/wp-content\/uploads\/2022\/06\/AC-03-Cm-In-12x12.jpg 12w, https:\/\/bgnfurniture.com\/wp-content\/uploads\/2022\/06\/AC-03-Cm-In-510x510.jpg 510w, https:\/\/bgnfurniture.com\/wp-content\/uploads\/2022\/06\/AC-03-Cm-In-100x100.jpg 100w, https:\/\/bgnfurniture.com\/wp-content\/uploads\/2022\/06\/AC-03-Cm-In.jpg 1000w\" sizes=\"(max-width: 800px) 100vw, 800px\" \/><\/a> <img loading=\"lazy\" decoding=\"async\" class=\"aligncenter size-large wp-image-507\" src=\"https:\/\/bgnfurniture.com\/wp-content\/uploads\/2022\/05\/AC-03-2-800x800.png\" alt=\"AC-03\" width=\"800\" height=\"800\" srcset=\"https:\/\/bgnfurniture.com\/wp-content\/uploads\/2022\/05\/AC-03-2-800x800.png 800w, https:\/\/bgnfurniture.com\/wp-content\/uploads\/2022\/05\/AC-03-2-400x400.png 400w, https:\/\/bgnfurniture.com\/wp-content\/uploads\/2022\/05\/AC-03-2-280x280.png 280w, https:\/\/bgnfurniture.com\/wp-content\/uploads\/2022\/05\/AC-03-2-768x768.png 768w, https:\/\/bgnfurniture.com\/wp-content\/uploads\/2022\/05\/AC-03-2-510x510.png 510w, https:\/\/bgnfurniture.com\/wp-content\/uploads\/2022\/05\/AC-03-2-100x100.png 100w, https:\/\/bgnfurniture.com\/wp-content\/uploads\/2022\/05\/AC-03-2.png 1000w\" sizes=\"(max-width: 800px) 100vw, 800px\" \/> <img loading=\"lazy\" decoding=\"async\" class=\"aligncenter size-large wp-image-508\" src=\"https:\/\/bgnfurniture.com\/wp-content\/uploads\/2022\/05\/AC-03-3-1067x800.png\" alt=\"AC-03\" width=\"1020\" height=\"765\" srcset=\"https:\/\/bgnfurniture.com\/wp-content\/uploads\/2022\/05\/AC-03-3-1067x800.png 1067w, https:\/\/bgnfurniture.com\/wp-content\/uploads\/2022\/05\/AC-03-3-533x400.png 533w, https:\/\/bgnfurniture.com\/wp-content\/uploads\/2022\/05\/AC-03-3-768x576.png 768w, https:\/\/bgnfurniture.com\/wp-content\/uploads\/2022\/05\/AC-03-3-1536x1152.png 1536w, https:\/\/bgnfurniture.com\/wp-content\/uploads\/2022\/05\/AC-03-3-510x383.png 510w, https:\/\/bgnfurniture.com\/wp-content\/uploads\/2022\/05\/AC-03-3.png 2000w\" sizes=\"(max-width: 1020px) 100vw, 1020px\" \/><img loading=\"lazy\" decoding=\"async\" class=\"aligncenter size-large wp-image-2327\" src=\"https:\/\/bgnfurniture.com\/wp-content\/uploads\/2022\/06\/Packing-AC-03AC-04-1067x800.jpg\" alt=\"\" width=\"1020\" height=\"765\" srcset=\"https:\/\/bgnfurniture.com\/wp-content\/uploads\/2022\/06\/Packing-AC-03AC-04-1067x800.jpg 1067w, https:\/\/bgnfurniture.com\/wp-content\/uploads\/2022\/06\/Packing-AC-03AC-04-533x400.jpg 533w, https:\/\/bgnfurniture.com\/wp-content\/uploads\/2022\/06\/Packing-AC-03AC-04-768x576.jpg 768w, https:\/\/bgnfurniture.com\/wp-content\/uploads\/2022\/06\/Packing-AC-03AC-04-1536x1152.jpg 1536w, https:\/\/bgnfurniture.com\/wp-content\/uploads\/2022\/06\/Packing-AC-03AC-04-2048x1536.jpg 2048w, https:\/\/bgnfurniture.com\/wp-content\/uploads\/2022\/06\/Packing-AC-03AC-04-16x12.jpg 16w, https:\/\/bgnfurniture.com\/wp-content\/uploads\/2022\/06\/Packing-AC-03AC-04-510x383.jpg 510w\" sizes=\"(max-width: 1020px) 100vw, 1020px\" \/><\/p>\n<p><span style=\"color: #000000;\">Technical information:<\/span><\/p>\n<table style=\"height: 251px; width: 100%; border-collapse: collapse;\" border=\"1\">\n<tbody>\n<tr style=\"height: 22px;\">\n<td style=\"width: 21.4541%; height: 22px; text-align: center;\"><span style=\"color: #000000;\"><strong>Product's name<\/strong><\/span><\/td>\n<td style=\"width: 78.4788%; height: 22px;\"><span style=\"color: #000000;\"><strong>B\u00e0n Nh\u00f4m M\u1eb7t G\u1ed7 Me T\u00e2y Tr\u01a1n Elip 1005&#215;610 mm<\/strong><\/span><\/td>\n<\/tr>\n<tr style=\"height: 23px;\">\n<td style=\"width: 21.4541%; height: 23px;\"><span style=\"color: #000000;\"><strong>Models<\/strong><\/span><\/td>\n<td style=\"width: 78.4788%; height: 23px;\"><strong><span style=\"color: #000000;\" data-sheets-value=\"{&quot;1&quot;:2,&quot;2&quot;:&quot;TI-E-100x61-L37S-C15&quot;}\" data-sheets-userformat=\"{&quot;2&quot;:23107,&quot;3&quot;:{&quot;1&quot;:0},&quot;4&quot;:{&quot;1&quot;:2,&quot;2&quot;:16776960},&quot;9&quot;:0,&quot;12&quot;:0,&quot;14&quot;:{&quot;1&quot;:2,&quot;2&quot;:0},&quot;15&quot;:&quot;\\&quot;Times New Roman\\&quot;&quot;,&quot;17&quot;:1}\">TI-E-100&#215;61-L37S-WRG<\/span><\/strong><\/td>\n<\/tr>\n<tr style=\"height: 23px;\">\n<td style=\"width: 21.4541%; height: 23px;\"><span style=\"color: #000000;\">Colors<\/span><\/td>\n<td style=\"width: 78.4788%; height: 23px;\">Tabletop with Saman wood, Pillar leg: White\/ Bronze\/ Black<\/td>\n<\/tr>\n<tr style=\"height: 21px;\">\n<td style=\"width: 21.4541%; height: 21px;\"><span style=\"color: #000000;\">Top Coat Finishing\u00a0<\/span><\/td>\n<td style=\"width: 78.4788%; height: 21px;\"><span style=\"color: #000000;\">Sand Blasted<\/span><\/td>\n<\/tr>\n<tr style=\"height: 19px;\">\n<td style=\"width: 21.4541%; height: 19px;\"><span style=\"color: #000000;\"><strong>Dimensions<\/strong><\/span><\/td>\n<td style=\"width: 78.4788%; height: 19px;\"><span style=\"color: #000000;\"><b>L1005xW610xH470 mm<\/b><\/span><\/td>\n<\/tr>\n<tr style=\"height: 23px;\">\n<td style=\"width: 21.4541%; height: 23px;\"><span style=\"color: #000000;\">Surface Paint<\/span><\/td>\n<td style=\"width: 78.4788%; height: 23px;\"><span style=\"color: #000000;\">Powder Coating<\/span><\/td>\n<\/tr>\n<tr style=\"height: 23px;\">\n<td style=\"width: 21.4541%; height: 23px;\"><span style=\"color: #000000;\">Material<\/span><\/td>\n<td style=\"width: 78.4788%; height: 23px;\"><span style=\"color: #000000;\">Aluminum<\/span><\/td>\n<\/tr>\n<tr style=\"height: 20px;\">\n<td style=\"width: 21.4541%; height: 20px;\"><span style=\"color: #000000;\">Style<\/span><\/td>\n<td style=\"width: 78.4788%; height: 20px;\"><span style=\"color: #000000;\">Classic<\/span><\/td>\n<\/tr>\n<tr style=\"height: 23px;\">\n<td style=\"width: 21.4541%; height: 23px;\"><span style=\"color: #000000;\">Origin<\/span><\/td>\n<td style=\"width: 78.4788%; height: 23px;\"><span style=\"color: #000000;\">Viet Nam<\/span><\/td>\n<\/tr>\n<tr style=\"height: 31px;\">\n<td style=\"width: 21.4541%; height: 31px;\"><span style=\"color: #000000;\"><strong>Brand<\/strong><\/span><\/td>\n<td style=\"width: 78.4788%; height: 31px;\"><span style=\"color: #000000;\"><b>bgn.vn<\/b><\/span><\/td>\n<\/tr>\n<tr style=\"height: 23px;\">\n<td style=\"width: 21.4541%; height: 23px;\"><span style=\"color: #000000;\">Warranty<\/span><\/td>\n<td style=\"width: 78.4788%; height: 23px;\"><span style=\"color: #000000;\">2 years<\/span><\/td>\n<\/tr>\n<\/tbody>\n<\/table>\n<p>&nbsp;<\/p>\n<table style=\"height: 251px; width: 100%; border-collapse: collapse; border-style: solid;\" border=\"1\">\n<tbody>\n<tr style=\"height: 23px;\">\n<td style=\"width: 21.4286%; height: 23px; text-align: center;\"><span style=\"color: #000000;\"><strong>Product's name<\/strong><\/span><\/td>\n<td style=\"width: 78.4524%; height: 23px;\"><span style=\"color: #000000;\"><strong>Aluminum Park Chairs 06<\/strong><\/span><\/td>\n<\/tr>\n<tr style=\"height: 23px;\">\n<td style=\"width: 21.4286%; height: 23px;\"><span style=\"color: #000000;\"><strong>Models<\/strong><\/span><\/td>\n<td style=\"width: 78.4524%; height: 23px;\"><span style=\"color: #000000;\"><b>PB-06<\/b><\/span><\/td>\n<\/tr>\n<tr style=\"height: 23px;\">\n<td style=\"width: 21.4286%; height: 23px;\"><span style=\"color: #000000;\">Colors<\/span><\/td>\n<td style=\"width: 78.4524%; height: 23px;\"><span style=\"color: #000000;\">White\/ Bronze\/ Black<\/span><\/td>\n<\/tr>\n<tr style=\"height: 21px;\">\n<td style=\"width: 21.4286%; height: 21px;\"><span style=\"color: #000000;\">Top Coat Finishing<\/span><\/td>\n<td style=\"width: 78.4524%; height: 21px;\"><span style=\"color: #000000;\">Sand Blasted<\/span><\/td>\n<\/tr>\n<tr style=\"height: 23px;\">\n<td style=\"width: 21.4286%; height: 23px;\"><span style=\"color: #000000;\"><strong>Dimensions<\/strong><\/span><\/td>\n<td style=\"width: 78.4524%; height: 23px;\"><span style=\"color: #000000;\"><strong>L<\/strong><strong style=\"font-size: 14.4px;\">1040<\/strong><strong style=\"font-family: inherit; font-size: inherit;\">xW<\/strong><strong style=\"font-family: inherit; font-size: inherit;\">630<\/strong><strong style=\"font-family: inherit; font-size: inherit;\">xH745 mm<\/strong><strong style=\"font-family: inherit; font-size: inherit;\"><br \/>\n<\/strong><\/span><\/td>\n<\/tr>\n<tr style=\"height: 23px;\">\n<td style=\"width: 21.4286%; height: 23px;\"><span style=\"color: #000000;\">Surface Paint<\/span><\/td>\n<td style=\"width: 78.4524%; height: 23px;\"><span style=\"color: #000000;\">Powder Coating<\/span><\/td>\n<\/tr>\n<tr style=\"height: 23px;\">\n<td style=\"width: 21.4286%; height: 23px;\"><span style=\"color: #000000;\">Material<\/span><\/td>\n<td style=\"width: 78.4524%; height: 23px;\"><span style=\"color: #000000;\">Aluminum<\/span><\/td>\n<\/tr>\n<tr style=\"height: 23px;\">\n<td style=\"width: 21.4286%; height: 23px;\"><span style=\"color: #000000;\">Style<\/span><\/td>\n<td style=\"width: 78.4524%; height: 23px;\"><span style=\"color: #000000;\">Classic<\/span><\/td>\n<\/tr>\n<tr style=\"height: 23px;\">\n<td style=\"width: 21.4286%; height: 23px;\"><span style=\"color: #000000;\">Origin<\/span><\/td>\n<td style=\"width: 78.4524%; height: 23px;\"><span style=\"color: #000000;\">Viet Nam<\/span><\/td>\n<\/tr>\n<tr style=\"height: 23px;\">\n<td style=\"width: 21.4286%; height: 23px;\"><span style=\"color: #000000;\"><strong>Brand<\/strong><\/span><\/td>\n<td style=\"width: 78.4524%; height: 23px;\"><span style=\"color: #000000;\"><strong>bgn.vn<\/strong><\/span><\/td>\n<\/tr>\n<tr style=\"height: 23px;\">\n<td style=\"width: 21.4286%; height: 23px;\"><span style=\"color: #000000;\">Warranty<\/span><\/td>\n<td style=\"width: 78.4524%; height: 23px;\"><span style=\"color: #000000;\">2 years<\/span><\/td>\n<\/tr>\n<\/tbody>\n<\/table>\n<p>&nbsp;<\/p>\n<table style=\"height: 230px; width: 100%; border-collapse: collapse; border-style: solid;\" border=\"1\">\n<tbody>\n<tr style=\"height: 23px;\">\n<td style=\"width: 21.4286%; height: 23px; text-align: center;\"><span style=\"color: #000000;\"><strong>Product's name<\/strong><\/span><\/td>\n<td style=\"width: 78.4524%; height: 23px;\"><span style=\"color: #000000;\"><strong>Dwarf Cast Aluminum Chairs AC-03<\/strong><\/span><\/td>\n<\/tr>\n<tr style=\"height: 23px;\">\n<td style=\"width: 21.4286%; height: 23px;\"><span style=\"color: #000000;\"><strong>Models<\/strong><\/span><\/td>\n<td style=\"width: 78.4524%; height: 23px;\"><span style=\"color: #000000;\"><strong>AC-03<\/strong><\/span><\/td>\n<\/tr>\n<tr style=\"height: 23px;\">\n<td style=\"width: 21.4286%; height: 23px;\"><span style=\"color: #000000;\">Colors<\/span><\/td>\n<td style=\"width: 78.4524%; height: 23px;\"><span style=\"color: #000000;\">White\/ Bronze\/ Black<\/span><\/td>\n<\/tr>\n<tr>\n<td style=\"width: 21.4286%;\"><span style=\"color: #000000;\">Top Coat Finishing<\/span><\/td>\n<td style=\"width: 78.4524%;\"><span style=\"color: #000000;\">Sand Blasted<\/span><\/td>\n<\/tr>\n<tr style=\"height: 23px;\">\n<td style=\"width: 21.4286%; height: 23px;\"><span style=\"color: #000000;\"><strong>Dimensions<\/strong><\/span><\/td>\n<td style=\"width: 78.4524%; height: 23px;\"><span style=\"color: #000000;\"><strong>L630xW570xH745 mm<\/strong><\/span><\/td>\n<\/tr>\n<tr style=\"height: 23px;\">\n<td style=\"width: 21.4286%; height: 23px;\"><span style=\"color: #000000;\">Surface Paint<\/span><\/td>\n<td style=\"width: 78.4524%; height: 23px;\"><span style=\"color: #000000;\">Powder Coating<\/span><\/td>\n<\/tr>\n<tr style=\"height: 23px;\">\n<td style=\"width: 21.4286%; height: 23px;\"><span style=\"color: #000000;\">Material<\/span><\/td>\n<td style=\"width: 78.4524%; height: 23px;\"><span style=\"color: #000000;\">Aluminum<\/span><\/td>\n<\/tr>\n<tr style=\"height: 23px;\">\n<td style=\"width: 21.4286%; height: 23px;\"><span style=\"color: #000000;\">Style<\/span><\/td>\n<td style=\"width: 78.4524%; height: 23px;\"><span style=\"color: #000000;\">Classic<\/span><\/td>\n<\/tr>\n<tr style=\"height: 23px;\">\n<td style=\"width: 21.4286%; height: 23px;\"><span style=\"color: #000000;\">Origin<\/span><\/td>\n<td style=\"width: 78.4524%; height: 23px;\"><span style=\"color: #000000;\">Viet Nam<\/span><\/td>\n<\/tr>\n<tr style=\"height: 23px;\">\n<td style=\"width: 21.4286%; height: 23px;\"><span style=\"color: #000000;\"><strong>Brand<\/strong><\/span><\/td>\n<td style=\"width: 78.4524%; height: 23px;\"><span style=\"color: #000000;\"><b>bgn.vn<\/b><\/span><\/td>\n<\/tr>\n<tr style=\"height: 23px;\">\n<td style=\"width: 21.4286%; height: 23px;\"><span style=\"color: #000000;\">Warranty<\/span><\/td>\n<td style=\"width: 78.4524%; height: 23px;\"><span style=\"color: #000000;\">2 years<\/span><\/td>\n<\/tr>\n<\/tbody>\n<\/table>\n<p><span style=\"color: #000000;\"><span style=\"font-size: 19px;\">Call <!--This link will work on Android and iPhone. It will be visible to desktop users but will result in an error when clicked --><span style=\"color: #000077;\"><a style=\"color: #000077;\" href=\"tel:093 12345 75\">093 12345 75<\/a> <\/span>To own a set of high-class cast aluminum furniture at the most reasonable price!<\/span><\/span><\/p>","protected":false},"excerpt":{"rendered":"<p><span style=\"color: #000000; font-size: 100%;\">M\u00e3 s\u1ed1: BGN-SF51-WRG-03-03<\/span><br \/>\n<span style=\"color: #000000; font-size: 100%;\">Dimensions: See details below<\/span><br \/>\n<span style=\"color: #000000; font-size: 100%;\">V\u1eadt li\u1ec7u: Nh\u00f4m, G\u1ed7 Me T\u00e2y tr\u01a1n<\/span><br \/>\n<span style=\"color: #000000;\"><span style=\"font-size: 100%;\">Colors: White\/ Bronze\/ Black<br \/>\n<span style=\"color: #ed1c24; font-size: 110%;\"><strong>(Customers who need Black products or color options please get in touch with us for advice and orders.)<\/strong><\/span><br \/>\n<\/span>B\u1ec1 m\u1eb7t ho\u00e0n thi\u1ec7n: Nh\u00e1m, M\u1eb7t g\u1ed7 tr\u01a1n<\/span><br \/>\n<span style=\"font-size: 120%; color: #000077;\"><strong>Contact: <!--This link will work on Android and iPhone. It will be visible to desktop users but will result in an error when clicked --><a style=\"color: #000077;\" href=\"tel:093 12345 75\">093 12345 75<\/a><\/strong><\/span><\/p>\n<p><span style=\"font-size: 110%; color: #000077;\"><strong>Table assembly instructions<\/strong><\/span><br \/>\n<a href=\"https:\/\/bgnfurniture.com\/en\/ghe-cong-vien-pb-06-pb-07\/\"><strong><span style=\"font-size: 110%; color: #000077;\">H\u01b0\u1edbng d\u1eabn l\u1eafp r\u00e1p gh\u1ebf PB<\/span><\/strong><\/a><br \/>\n<a href=\"https:\/\/bgnfurniture.com\/en\/huong-dan-lap-rap-ghe-ms-ac-03-ac-04\/\"><span style=\"text-decoration: underline;\"><strong><span style=\"font-size: 110%; color: #000077; text-decoration: underline;\">H\u01b0\u1edbng d\u1eabn l\u1eafp r\u00e1p gh\u1ebf AC<\/span><\/strong><\/span><\/a><\/p>","protected":false},"featured_media":2815,"comment_status":"open","ping_status":"closed","template":"","meta":{"_eb_attr":""},"product_brand":[],"product_cat":[575],"product_tag":[885,884,886,299,882,881,883,887,286,830,889,888,832,890,892,891],"class_list":{"0":"post-2814","1":"product","2":"type-product","3":"status-publish","4":"has-post-thumbnail","6":"product_cat-bo-suu-tap-ban-ghe-sofa","7":"product_tag-ba-ca-phe","8":"product_tag-ban-cf","9":"product_tag-ban-coffee","10":"product_tag-ban-go","11":"product_tag-ban-go-100x61","12":"product_tag-ban-go-elip","13":"product_tag-ban-go-elip-100x61","14":"product_tag-ban-go-me-tay","15":"product_tag-ban-me-tay","16":"product_tag-ban-sofa","17":"product_tag-bo-ban-go-sofa-3-ghe","18":"product_tag-bo-so-pha","19":"product_tag-bo-sofa","20":"product_tag-bo-sofa-trong-nha","21":"product_tag-sofa-go-ghe-nhom","22":"product_tag-sofa-trong-nha","24":"first","25":"instock","26":"taxable","27":"shipping-taxable","28":"product-type-variable"},"_links":{"self":[{"href":"https:\/\/bgnfurniture.com\/en\/wp-json\/wp\/v2\/product\/2814","targetHints":{"allow":["GET"]}}],"collection":[{"href":"https:\/\/bgnfurniture.com\/en\/wp-json\/wp\/v2\/product"}],"about":[{"href":"https:\/\/bgnfurniture.com\/en\/wp-json\/wp\/v2\/types\/product"}],"replies":[{"embeddable":true,"href":"https:\/\/bgnfurniture.com\/en\/wp-json\/wp\/v2\/comments?post=2814"}],"wp:featuredmedia":[{"embeddable":true,"href":"https:\/\/bgnfurniture.com\/en\/wp-json\/wp\/v2\/media\/2815"}],"wp:attachment":[{"href":"https:\/\/bgnfurniture.com\/en\/wp-json\/wp\/v2\/media?parent=2814"}],"wp:term":[{"taxonomy":"product_brand","embeddable":true,"href":"https:\/\/bgnfurniture.com\/en\/wp-json\/wp\/v2\/product_brand?post=2814"},{"taxonomy":"product_cat","embeddable":true,"href":"https:\/\/bgnfurniture.com\/en\/wp-json\/wp\/v2\/product_cat?post=2814"},{"taxonomy":"product_tag","embeddable":true,"href":"https:\/\/bgnfurniture.com\/en\/wp-json\/wp\/v2\/product_tag?post=2814"}],"curies":[{"name":"wp","href":"https:\/\/api.w.org\/{rel}","templated":true}]}}