{"id":3319,"date":"2023-01-09T11:03:56","date_gmt":"2023-01-09T04:03:56","guid":{"rendered":"https:\/\/bgnfurniture.com\/?post_type=product&#038;p=3319"},"modified":"2024-11-01T09:56:04","modified_gmt":"2024-11-01T02:56:04","slug":"bo-ban-ghe-an-df54-01-04","status":"publish","type":"product","link":"https:\/\/bgnfurniture.com\/en\/product\/bo-ban-ghe-an-df54-01-04\/","title":{"rendered":"Dining Furniture Set DF54-01-04"},"content":{"rendered":"<p><span style=\"color: #000000;\">.<\/span><\/p>\n<ul>\n<li><span style=\"color: #000000;\">1 B\u00e0n nh\u00f4m \u0111\u00fac ch\u00e2n tr\u1ee5 tr\u00f2n 950<\/span><\/li>\n<li><span style=\"color: #000000;\">4 Cast Aluminum Chairs AC-01\u00a0<\/span><\/li>\n<\/ul>\n<p><span style=\"color: #000000;\"><img fetchpriority=\"high\" decoding=\"async\" class=\"aligncenter wp-image-3320 size-large\" src=\"https:\/\/bgnfurniture.com\/wp-content\/uploads\/2023\/01\/MQ-DF54-01-04-W-1067x800.jpg\" alt=\"\" width=\"1067\" height=\"800\" srcset=\"https:\/\/bgnfurniture.com\/wp-content\/uploads\/2023\/01\/MQ-DF54-01-04-W-1067x800.jpg 1067w, https:\/\/bgnfurniture.com\/wp-content\/uploads\/2023\/01\/MQ-DF54-01-04-W-533x400.jpg 533w, https:\/\/bgnfurniture.com\/wp-content\/uploads\/2023\/01\/MQ-DF54-01-04-W-768x576.jpg 768w, https:\/\/bgnfurniture.com\/wp-content\/uploads\/2023\/01\/MQ-DF54-01-04-W-1536x1152.jpg 1536w, https:\/\/bgnfurniture.com\/wp-content\/uploads\/2023\/01\/MQ-DF54-01-04-W-16x12.jpg 16w, https:\/\/bgnfurniture.com\/wp-content\/uploads\/2023\/01\/MQ-DF54-01-04-W-510x383.jpg 510w, https:\/\/bgnfurniture.com\/wp-content\/uploads\/2023\/01\/MQ-DF54-01-04-W.jpg 1600w\" sizes=\"(max-width: 1067px) 100vw, 1067px\" \/> <img decoding=\"async\" class=\"aligncenter wp-image-3238 size-large\" src=\"https:\/\/bgnfurniture.com\/wp-content\/uploads\/2022\/06\/AC-01-Cm-In-800x800.jpg\" alt=\"\" width=\"800\" height=\"800\" srcset=\"https:\/\/bgnfurniture.com\/wp-content\/uploads\/2022\/06\/AC-01-Cm-In-800x800.jpg 800w, https:\/\/bgnfurniture.com\/wp-content\/uploads\/2022\/06\/AC-01-Cm-In-400x400.jpg 400w, https:\/\/bgnfurniture.com\/wp-content\/uploads\/2022\/06\/AC-01-Cm-In-280x280.jpg 280w, https:\/\/bgnfurniture.com\/wp-content\/uploads\/2022\/06\/AC-01-Cm-In-768x768.jpg 768w, https:\/\/bgnfurniture.com\/wp-content\/uploads\/2022\/06\/AC-01-Cm-In-12x12.jpg 12w, https:\/\/bgnfurniture.com\/wp-content\/uploads\/2022\/06\/AC-01-Cm-In-510x510.jpg 510w, https:\/\/bgnfurniture.com\/wp-content\/uploads\/2022\/06\/AC-01-Cm-In-100x100.jpg 100w, https:\/\/bgnfurniture.com\/wp-content\/uploads\/2022\/06\/AC-01-Cm-In.jpg 1000w\" sizes=\"(max-width: 800px) 100vw, 800px\" \/> <img decoding=\"async\" class=\"aligncenter wp-image-3231 size-large\" src=\"https:\/\/bgnfurniture.com\/wp-content\/uploads\/2022\/06\/TI-C-95-L75-CA-W-Cm-In-1067x800.jpg\" alt=\"\" width=\"1067\" height=\"800\" srcset=\"https:\/\/bgnfurniture.com\/wp-content\/uploads\/2022\/06\/TI-C-95-L75-CA-W-Cm-In-1067x800.jpg 1067w, https:\/\/bgnfurniture.com\/wp-content\/uploads\/2022\/06\/TI-C-95-L75-CA-W-Cm-In-533x400.jpg 533w, https:\/\/bgnfurniture.com\/wp-content\/uploads\/2022\/06\/TI-C-95-L75-CA-W-Cm-In-768x576.jpg 768w, https:\/\/bgnfurniture.com\/wp-content\/uploads\/2022\/06\/TI-C-95-L75-CA-W-Cm-In-1536x1152.jpg 1536w, https:\/\/bgnfurniture.com\/wp-content\/uploads\/2022\/06\/TI-C-95-L75-CA-W-Cm-In-16x12.jpg 16w, https:\/\/bgnfurniture.com\/wp-content\/uploads\/2022\/06\/TI-C-95-L75-CA-W-Cm-In-510x383.jpg 510w, https:\/\/bgnfurniture.com\/wp-content\/uploads\/2022\/06\/TI-C-95-L75-CA-W-Cm-In.jpg 1600w\" sizes=\"(max-width: 1067px) 100vw, 1067px\" \/> <img loading=\"lazy\" decoding=\"async\" class=\"aligncenter wp-image-3098 size-full\" src=\"https:\/\/bgnfurniture.com\/wp-content\/uploads\/2022\/05\/AC-01.02.jpg\" alt=\"\" width=\"841\" height=\"573\" srcset=\"https:\/\/bgnfurniture.com\/wp-content\/uploads\/2022\/05\/AC-01.02.jpg 841w, https:\/\/bgnfurniture.com\/wp-content\/uploads\/2022\/05\/AC-01.02-587x400.jpg 587w, https:\/\/bgnfurniture.com\/wp-content\/uploads\/2022\/05\/AC-01.02-768x523.jpg 768w, https:\/\/bgnfurniture.com\/wp-content\/uploads\/2022\/05\/AC-01.02-18x12.jpg 18w, https:\/\/bgnfurniture.com\/wp-content\/uploads\/2022\/05\/AC-01.02-510x347.jpg 510w\" sizes=\"(max-width: 841px) 100vw, 841px\" \/><img loading=\"lazy\" decoding=\"async\" class=\"aligncenter wp-image-3094 size-large\" src=\"https:\/\/bgnfurniture.com\/wp-content\/uploads\/2022\/05\/L73-e1673236969859-1348x800.jpg\" alt=\"\" width=\"1348\" height=\"800\" srcset=\"https:\/\/bgnfurniture.com\/wp-content\/uploads\/2022\/05\/L73-e1673236969859-1348x800.jpg 1348w, https:\/\/bgnfurniture.com\/wp-content\/uploads\/2022\/05\/L73-e1673236969859-674x400.jpg 674w, https:\/\/bgnfurniture.com\/wp-content\/uploads\/2022\/05\/L73-e1673236969859-768x456.jpg 768w, https:\/\/bgnfurniture.com\/wp-content\/uploads\/2022\/05\/L73-e1673236969859-1536x912.jpg 1536w, https:\/\/bgnfurniture.com\/wp-content\/uploads\/2022\/05\/L73-e1673236969859-18x12.jpg 18w, https:\/\/bgnfurniture.com\/wp-content\/uploads\/2022\/05\/L73-e1673236969859-510x303.jpg 510w, https:\/\/bgnfurniture.com\/wp-content\/uploads\/2022\/05\/L73-e1673236969859.jpg 1907w\" sizes=\"(max-width: 1348px) 100vw, 1348px\" \/><\/span><\/p>\n<p><span style=\"color: #000000;\">Technical information:<\/span><\/p>\n<table style=\"height: 255px; width: 100%; border-collapse: collapse;\" border=\"1\">\n<tbody>\n<tr style=\"height: 23px;\">\n<td style=\"width: 21.4541%; height: 23px; text-align: center;\"><span style=\"color: #000000;\"><strong>Product's name<\/strong><\/span><\/td>\n<td style=\"width: 78.4788%; height: 23px;\"><span style=\"color: #000000;\"><strong>ALUMINUM TABLE<\/strong><\/span><\/td>\n<\/tr>\n<tr style=\"height: 23px;\">\n<td style=\"width: 21.4541%; height: 23px;\"><span style=\"color: #000000;\"><strong>Models<\/strong><\/span><\/td>\n<td style=\"width: 78.4788%; height: 23px;\"><span style=\"color: #000000;\"><strong>TI-C-95-L73-C15-W\/Br\/B<\/strong><\/span><\/td>\n<\/tr>\n<tr style=\"height: 23px;\">\n<td style=\"width: 21.4541%; height: 23px;\"><span style=\"color: #000000;\">Colors<\/span><\/td>\n<td style=\"width: 78.4788%; height: 23px;\"><span style=\"color: #000000;\">White\/ Bronze\/ Black<\/span><\/td>\n<\/tr>\n<tr style=\"height: 21px;\">\n<td style=\"width: 21.4541%; height: 21px;\"><span style=\"color: #000000;\">Top Coat Finishing<\/span><\/td>\n<td style=\"width: 78.4788%; height: 21px;\"><span style=\"color: #000000;\">Sand Blasted<\/span><\/td>\n<\/tr>\n<tr style=\"height: 19px;\">\n<td style=\"width: 21.4541%; height: 19px;\"><span style=\"color: #000000;\"><strong>Dimensions<\/strong><\/span><\/td>\n<td style=\"width: 78.4788%; height: 19px;\"><span style=\"color: #000000;\"><strong>D95xH75 cm<\/strong><\/span><\/td>\n<\/tr>\n<tr style=\"height: 23px;\">\n<td style=\"width: 21.4541%; height: 23px;\"><span style=\"color: #000000;\">Surface Paint<\/span><\/td>\n<td style=\"width: 78.4788%; height: 23px;\"><span style=\"color: #000000;\">Powder Coating<\/span><\/td>\n<\/tr>\n<tr style=\"height: 23px;\">\n<td style=\"width: 21.4541%; height: 23px;\"><span style=\"color: #000000;\">Material<\/span><\/td>\n<td style=\"width: 78.4788%; height: 23px;\"><span style=\"color: #000000;\">Aluminum\u00a0<\/span><\/td>\n<\/tr>\n<tr style=\"height: 23px;\">\n<td style=\"width: 21.4541%; height: 23px;\"><span style=\"color: #000000;\">Style<\/span><\/td>\n<td style=\"width: 78.4788%; height: 23px;\"><span style=\"color: #000000;\">Classic<\/span><\/td>\n<\/tr>\n<tr style=\"height: 23px;\">\n<td style=\"width: 21.4541%; height: 23px;\"><span style=\"color: #000000;\">Origin<\/span><\/td>\n<td style=\"width: 78.4788%; height: 23px;\"><span style=\"color: #000000;\">Viet Nam<\/span><\/td>\n<\/tr>\n<tr style=\"height: 31px;\">\n<td style=\"width: 21.4541%; height: 31px;\"><span style=\"color: #000000;\"><strong>Brand<\/strong><\/span><\/td>\n<td style=\"width: 78.4788%; height: 31px;\"><span style=\"color: #000000;\"><strong>bgn.vn<\/strong><\/span><\/td>\n<\/tr>\n<tr style=\"height: 23px;\">\n<td style=\"width: 21.4541%; height: 23px;\"><span style=\"color: #000000;\">Warranty<\/span><\/td>\n<td style=\"width: 78.4788%; height: 23px;\"><span style=\"color: #000000;\">2 years<\/span><\/td>\n<\/tr>\n<\/tbody>\n<\/table>\n<h4><\/h4>\n<table style=\"height: 251px; width: 100%; border-collapse: collapse; border-style: solid;\" border=\"1\">\n<tbody>\n<tr style=\"height: 23px;\">\n<td style=\"width: 21.4286%; height: 23px; text-align: center;\"><span style=\"color: #000000;\"><strong>Product's name<\/strong><\/span><\/td>\n<td style=\"width: 78.4524%; height: 23px;\"><span style=\"color: #000000;\"><strong>CAST ALUMINUM CHAIRS<\/strong><\/span><\/td>\n<\/tr>\n<tr style=\"height: 23px;\">\n<td style=\"width: 21.4286%; height: 23px;\"><span style=\"color: #000000;\"><strong>Models<\/strong><\/span><\/td>\n<td style=\"width: 78.4524%; height: 23px;\"><span style=\"color: #000000;\"><b>AC-01-W\/Br\/B<\/b><\/span><\/td>\n<\/tr>\n<tr style=\"height: 23px;\">\n<td style=\"width: 21.4286%; height: 23px;\"><span style=\"color: #000000;\">Colors<\/span><\/td>\n<td style=\"width: 78.4524%; height: 23px;\"><span style=\"color: #000000;\">White\/ Bronze\/ Black<\/span><\/td>\n<\/tr>\n<tr style=\"height: 21px;\">\n<td style=\"width: 21.4286%; height: 21px;\"><span style=\"color: #000000;\">Top Coat Finishing<\/span><\/td>\n<td style=\"width: 78.4524%; height: 21px;\"><span style=\"color: #000000;\">Sand Blasted<\/span><\/td>\n<\/tr>\n<tr style=\"height: 23px;\">\n<td style=\"width: 21.4286%; height: 23px;\"><span style=\"color: #000000;\"><strong>Dimensions<\/strong><\/span><\/td>\n<td style=\"width: 78.4524%; height: 23px;\"><span style=\"color: #000000;\"><strong>L60xW57xH89 cm<\/strong><\/span><\/td>\n<\/tr>\n<tr style=\"height: 23px;\">\n<td style=\"width: 21.4286%; height: 23px;\"><span style=\"color: #000000;\">Surface Paint<\/span><\/td>\n<td style=\"width: 78.4524%; height: 23px;\"><span style=\"color: #000000;\">Powder Coating<\/span><\/td>\n<\/tr>\n<tr style=\"height: 23px;\">\n<td style=\"width: 21.4286%; height: 23px;\"><span style=\"color: #000000;\">Material<\/span><\/td>\n<td style=\"width: 78.4524%; height: 23px;\"><span style=\"color: #000000;\">Aluminum<\/span><\/td>\n<\/tr>\n<tr style=\"height: 23px;\">\n<td style=\"width: 21.4286%; height: 23px;\"><span style=\"color: #000000;\">Style<\/span><\/td>\n<td style=\"width: 78.4524%; height: 23px;\"><span style=\"color: #000000;\">Classic<\/span><\/td>\n<\/tr>\n<tr style=\"height: 23px;\">\n<td style=\"width: 21.4286%; height: 23px;\"><span style=\"color: #000000;\">Origin<\/span><\/td>\n<td style=\"width: 78.4524%; height: 23px;\"><span style=\"color: #000000;\">Viet Nam<\/span><\/td>\n<\/tr>\n<tr style=\"height: 23px;\">\n<td style=\"width: 21.4286%; height: 23px;\"><span style=\"color: #000000;\"><strong>Brand<\/strong><\/span><\/td>\n<td style=\"width: 78.4524%; height: 23px;\"><span style=\"color: #000000;\"><strong>bgn.vn<\/strong><\/span><\/td>\n<\/tr>\n<tr style=\"height: 23px;\">\n<td style=\"width: 21.4286%; height: 23px;\"><span style=\"color: #000000;\">Warranty<\/span><\/td>\n<td style=\"width: 78.4524%; height: 23px;\"><span style=\"color: #000000;\">2 years<\/span><\/td>\n<\/tr>\n<\/tbody>\n<\/table>\n<p><span style=\"color: #000000;\"><span style=\"font-size: 19px;\">Call<\/span><span style=\"font-size: 19px; color: #000077;\"> <!--This link will work on Android and iPhone. It will be visible to desktop users but will result in an error when clicked --><a style=\"color: #000077;\" href=\"tel:093 12345 75\">093 12345 75<\/a> <\/span><span style=\"font-size: 19px;\">To own a set of high-class cast aluminum furniture at the most reasonable price!<\/span><\/span><\/p>","protected":false},"excerpt":{"rendered":"<p><span style=\"color: #000000;\"><strong>T\u00ean s\u1ea3n ph\u1ea9m: B\u1ed9 B\u00e0n Gh\u1ebf \u0102n<br \/>\nM\u00e3 s\u1ed1: BGN-DF54-01-04-W\/Br\/B<\/strong><br \/>\nDimensions: See details below<br \/>\nMaterial: Aluminium<br \/>\nColors: White\/ Bronze\/ Black<br \/>\n<span style=\"font-size: 100%;\"><span style=\"color: #ed1c24; font-size: 110%;\"><strong>(Customers who need Black products or color options please get in touch with us for advice and orders.)<\/strong><\/span><\/span><br \/>\nTop Coat Finishing: Sand Blasted<br \/>\n<strong>(The above price does not include VAT)<\/strong><br \/>\n<span style=\"color: #000077;\"><strong><span style=\"font-size: 120%;\">Contact: <!--This link will work on Android and iPhone. It will be visible to desktop users but will result in an error when clicked --><a style=\"color: #000077;\" href=\"tel:093 12345 75\">093 12345 75<\/a><\/span><\/strong><\/span><\/span><\/p>\n<p><a href=\"https:\/\/bgnfurniture.com\/en\/ban-nhom-chan-tru-vuong-1300\/\"><span style=\"text-decoration: underline;\"><span style=\"font-size: 110%; color: #000077; text-decoration: underline;\"><strong>Table assembly instructions<\/strong><\/span><\/span><\/a><br \/>\n<a href=\"https:\/\/bgnfurniture.com\/en\/video-lap-rap-ghe-ac-20\/\"><span style=\"text-decoration: underline;\"><span style=\"font-size: 110%; color: #000077; text-decoration: underline;\"><strong>Chair assembly instructions<\/strong><\/span><\/span><\/a><\/p>","protected":false},"featured_media":3320,"comment_status":"open","ping_status":"closed","template":"","meta":{"_eb_attr":""},"product_brand":[],"product_cat":[70],"product_tag":[876,803,804,77,111,805,806,809,810,811,74,807,808,1079,1080],"class_list":{"0":"post-3319","1":"product","2":"type-product","3":"status-publish","4":"has-post-thumbnail","6":"product_cat-bo-suu-tap-ban-ghe-an","7":"product_tag-4-ghe-01","8":"product_tag-ban-95","9":"product_tag-ban-950","10":"product_tag-ban-an","11":"product_tag-ban-ghe-an","12":"product_tag-ban-nhom-95","13":"product_tag-ban-nhom-950","14":"product_tag-ban-nhom-tron","15":"product_tag-ban-nhom-tron-95","16":"product_tag-ban-nhom-tron-950","17":"product_tag-ban-tron","18":"product_tag-ban-tron-95","19":"product_tag-ban-tron-950","20":"product_tag-bo-ban-ghe-an","21":"product_tag-ghe-an","23":"first","24":"instock","25":"taxable","26":"shipping-taxable","27":"product-type-simple"},"_links":{"self":[{"href":"https:\/\/bgnfurniture.com\/en\/wp-json\/wp\/v2\/product\/3319","targetHints":{"allow":["GET"]}}],"collection":[{"href":"https:\/\/bgnfurniture.com\/en\/wp-json\/wp\/v2\/product"}],"about":[{"href":"https:\/\/bgnfurniture.com\/en\/wp-json\/wp\/v2\/types\/product"}],"replies":[{"embeddable":true,"href":"https:\/\/bgnfurniture.com\/en\/wp-json\/wp\/v2\/comments?post=3319"}],"wp:featuredmedia":[{"embeddable":true,"href":"https:\/\/bgnfurniture.com\/en\/wp-json\/wp\/v2\/media\/3320"}],"wp:attachment":[{"href":"https:\/\/bgnfurniture.com\/en\/wp-json\/wp\/v2\/media?parent=3319"}],"wp:term":[{"taxonomy":"product_brand","embeddable":true,"href":"https:\/\/bgnfurniture.com\/en\/wp-json\/wp\/v2\/product_brand?post=3319"},{"taxonomy":"product_cat","embeddable":true,"href":"https:\/\/bgnfurniture.com\/en\/wp-json\/wp\/v2\/product_cat?post=3319"},{"taxonomy":"product_tag","embeddable":true,"href":"https:\/\/bgnfurniture.com\/en\/wp-json\/wp\/v2\/product_tag?post=3319"}],"curies":[{"name":"wp","href":"https:\/\/api.w.org\/{rel}","templated":true}]}}