{"id":3930,"date":"2024-09-20T19:18:59","date_gmt":"2024-09-20T12:18:59","guid":{"rendered":"https:\/\/bgnfurniture.com\/?post_type=product&#038;p=3930"},"modified":"2024-11-01T09:09:10","modified_gmt":"2024-11-01T02:09:10","slug":"den-khong-day-bgn-w-hi-s","status":"publish","type":"product","link":"https:\/\/bgnfurniture.com\/en\/product\/den-khong-day-bgn-w-hi-s\/","title":{"rendered":"Cordless Lamp\nBGN-W1\/2\/3-HI-PS\/SS\/BrS"},"content":{"rendered":"<p><span style=\"color: #000000;\">.<\/span><\/p>\n<table style=\"width: 100%; border-collapse: collapse; border-style: hidden;\" border=\"0\" cellspacing=\"0\" cellpadding=\"0\">\n<tbody>\n<tr>\n<td style=\"width: 24.7104%;\"><img fetchpriority=\"high\" decoding=\"async\" class=\"aligncenter size-large wp-image-3971\" style=\"color: #555555; font-size: 14.4px;\" src=\"https:\/\/bgnfurniture.com\/wp-content\/uploads\/2023\/07\/39-300x800.png\" alt=\"\" width=\"300\" height=\"800\" srcset=\"https:\/\/bgnfurniture.com\/wp-content\/uploads\/2023\/07\/39-300x800.png 300w, https:\/\/bgnfurniture.com\/wp-content\/uploads\/2023\/07\/39-150x400.png 150w, https:\/\/bgnfurniture.com\/wp-content\/uploads\/2023\/07\/39-4x12.png 4w, https:\/\/bgnfurniture.com\/wp-content\/uploads\/2023\/07\/39.png 464w\" sizes=\"(max-width: 300px) 100vw, 300px\" \/><\/td>\n<td style=\"width: 25.2896%;\"><img decoding=\"async\" class=\"aligncenter size-large wp-image-3972\" style=\"color: #555555; font-size: 14.4px;\" src=\"https:\/\/bgnfurniture.com\/wp-content\/uploads\/2023\/07\/40-300x800.png\" alt=\"\" width=\"300\" height=\"800\" srcset=\"https:\/\/bgnfurniture.com\/wp-content\/uploads\/2023\/07\/40-300x800.png 300w, https:\/\/bgnfurniture.com\/wp-content\/uploads\/2023\/07\/40-150x400.png 150w, https:\/\/bgnfurniture.com\/wp-content\/uploads\/2023\/07\/40-4x12.png 4w, https:\/\/bgnfurniture.com\/wp-content\/uploads\/2023\/07\/40.png 464w\" sizes=\"(max-width: 300px) 100vw, 300px\" \/><\/td>\n<td style=\"width: 25.3621%;\"><img decoding=\"async\" class=\"aligncenter size-large wp-image-3973\" style=\"color: #555555; font-size: 14.4px;\" src=\"https:\/\/bgnfurniture.com\/wp-content\/uploads\/2023\/07\/41-300x800.png\" alt=\"\" width=\"300\" height=\"800\" srcset=\"https:\/\/bgnfurniture.com\/wp-content\/uploads\/2023\/07\/41-300x800.png 300w, https:\/\/bgnfurniture.com\/wp-content\/uploads\/2023\/07\/41-150x400.png 150w, https:\/\/bgnfurniture.com\/wp-content\/uploads\/2023\/07\/41-5x12.png 5w, https:\/\/bgnfurniture.com\/wp-content\/uploads\/2023\/07\/41.png 465w\" sizes=\"(max-width: 300px) 100vw, 300px\" \/><\/td>\n<td style=\"width: 24.6379%;\"><img loading=\"lazy\" decoding=\"async\" class=\"aligncenter size-large wp-image-3974\" style=\"color: #555555; font-size: 14.4px;\" src=\"https:\/\/bgnfurniture.com\/wp-content\/uploads\/2023\/07\/42-300x800.png\" alt=\"\" width=\"300\" height=\"800\" srcset=\"https:\/\/bgnfurniture.com\/wp-content\/uploads\/2023\/07\/42-300x800.png 300w, https:\/\/bgnfurniture.com\/wp-content\/uploads\/2023\/07\/42-150x400.png 150w, https:\/\/bgnfurniture.com\/wp-content\/uploads\/2023\/07\/42-4x12.png 4w, https:\/\/bgnfurniture.com\/wp-content\/uploads\/2023\/07\/42.png 464w\" sizes=\"(max-width: 300px) 100vw, 300px\" \/><\/td>\n<\/tr>\n<tr>\n<td style=\"width: 24.7104%;\"><img loading=\"lazy\" decoding=\"async\" class=\"aligncenter size-large wp-image-3976\" style=\"font-size: 14.4px; color: #555555;\" src=\"https:\/\/bgnfurniture.com\/wp-content\/uploads\/2023\/07\/44-300x800.png\" alt=\"\" width=\"300\" height=\"800\" srcset=\"https:\/\/bgnfurniture.com\/wp-content\/uploads\/2023\/07\/44-300x800.png 300w, https:\/\/bgnfurniture.com\/wp-content\/uploads\/2023\/07\/44-150x400.png 150w, https:\/\/bgnfurniture.com\/wp-content\/uploads\/2023\/07\/44-5x12.png 5w, https:\/\/bgnfurniture.com\/wp-content\/uploads\/2023\/07\/44.png 465w\" sizes=\"(max-width: 300px) 100vw, 300px\" \/><\/td>\n<td style=\"width: 25.2896%;\"><img loading=\"lazy\" decoding=\"async\" class=\"aligncenter size-large wp-image-3980\" style=\"font-size: 14.4px; color: #555555;\" src=\"https:\/\/bgnfurniture.com\/wp-content\/uploads\/2023\/07\/18-299x800.png\" alt=\"\" width=\"299\" height=\"800\" srcset=\"https:\/\/bgnfurniture.com\/wp-content\/uploads\/2023\/07\/18-299x800.png 299w, https:\/\/bgnfurniture.com\/wp-content\/uploads\/2023\/07\/18-150x400.png 150w, https:\/\/bgnfurniture.com\/wp-content\/uploads\/2023\/07\/18-4x12.png 4w, https:\/\/bgnfurniture.com\/wp-content\/uploads\/2023\/07\/18.png 464w\" sizes=\"(max-width: 299px) 100vw, 299px\" \/><\/td>\n<td style=\"width: 25.3621%;\"><img loading=\"lazy\" decoding=\"async\" class=\"aligncenter size-large wp-image-3981\" style=\"font-size: 14.4px; color: #555555;\" src=\"https:\/\/bgnfurniture.com\/wp-content\/uploads\/2023\/07\/19-302x800.png\" alt=\"\" width=\"302\" height=\"800\" srcset=\"https:\/\/bgnfurniture.com\/wp-content\/uploads\/2023\/07\/19-302x800.png 302w, https:\/\/bgnfurniture.com\/wp-content\/uploads\/2023\/07\/19-151x400.png 151w, https:\/\/bgnfurniture.com\/wp-content\/uploads\/2023\/07\/19-5x12.png 5w, https:\/\/bgnfurniture.com\/wp-content\/uploads\/2023\/07\/19.png 465w\" sizes=\"(max-width: 302px) 100vw, 302px\" \/><\/td>\n<td style=\"width: 24.6379%;\"><img loading=\"lazy\" decoding=\"async\" class=\"aligncenter size-large wp-image-3982\" style=\"font-size: 14.4px; color: #555555;\" src=\"https:\/\/bgnfurniture.com\/wp-content\/uploads\/2023\/07\/20-300x800.png\" alt=\"\" width=\"300\" height=\"800\" srcset=\"https:\/\/bgnfurniture.com\/wp-content\/uploads\/2023\/07\/20-300x800.png 300w, https:\/\/bgnfurniture.com\/wp-content\/uploads\/2023\/07\/20-150x400.png 150w, https:\/\/bgnfurniture.com\/wp-content\/uploads\/2023\/07\/20-5x12.png 5w, https:\/\/bgnfurniture.com\/wp-content\/uploads\/2023\/07\/20.png 465w\" sizes=\"(max-width: 300px) 100vw, 300px\" \/><\/td>\n<\/tr>\n<tr>\n<td style=\"width: 24.7104%;\"><img loading=\"lazy\" decoding=\"async\" class=\"aligncenter size-large wp-image-3999\" style=\"color: #555555; font-size: 14.4px;\" src=\"https:\/\/bgnfurniture.com\/wp-content\/uploads\/2023\/07\/37-300x800.png\" alt=\"\" width=\"300\" height=\"800\" srcset=\"https:\/\/bgnfurniture.com\/wp-content\/uploads\/2023\/07\/37-300x800.png 300w, https:\/\/bgnfurniture.com\/wp-content\/uploads\/2023\/07\/37-150x400.png 150w, https:\/\/bgnfurniture.com\/wp-content\/uploads\/2023\/07\/37-5x12.png 5w, https:\/\/bgnfurniture.com\/wp-content\/uploads\/2023\/07\/37.png 465w\" sizes=\"(max-width: 300px) 100vw, 300px\" \/><\/td>\n<td style=\"width: 25.2896%;\"><img loading=\"lazy\" decoding=\"async\" class=\"aligncenter size-large wp-image-4000\" style=\"color: #555555; font-size: 14.4px;\" src=\"https:\/\/bgnfurniture.com\/wp-content\/uploads\/2023\/07\/38-297x800.png\" alt=\"\" width=\"297\" height=\"800\" srcset=\"https:\/\/bgnfurniture.com\/wp-content\/uploads\/2023\/07\/38-297x800.png 297w, https:\/\/bgnfurniture.com\/wp-content\/uploads\/2023\/07\/38-148x400.png 148w, https:\/\/bgnfurniture.com\/wp-content\/uploads\/2023\/07\/38-4x12.png 4w, https:\/\/bgnfurniture.com\/wp-content\/uploads\/2023\/07\/38.png 465w\" sizes=\"(max-width: 297px) 100vw, 297px\" \/><\/td>\n<td style=\"width: 25.3621%;\"><img loading=\"lazy\" decoding=\"async\" class=\"aligncenter size-large wp-image-3975\" style=\"font-size: 14.4px; color: #555555;\" src=\"https:\/\/bgnfurniture.com\/wp-content\/uploads\/2023\/07\/43-300x800.png\" alt=\"\" width=\"300\" height=\"800\" srcset=\"https:\/\/bgnfurniture.com\/wp-content\/uploads\/2023\/07\/43-300x800.png 300w, https:\/\/bgnfurniture.com\/wp-content\/uploads\/2023\/07\/43-150x400.png 150w, https:\/\/bgnfurniture.com\/wp-content\/uploads\/2023\/07\/43-5x12.png 5w, https:\/\/bgnfurniture.com\/wp-content\/uploads\/2023\/07\/43.png 465w\" sizes=\"(max-width: 300px) 100vw, 300px\" \/><\/td>\n<td style=\"width: 24.6379%;\"><img loading=\"lazy\" decoding=\"async\" class=\"aligncenter size-large wp-image-3997\" src=\"https:\/\/bgnfurniture.com\/wp-content\/uploads\/2023\/07\/35-300x800.png\" alt=\"\" width=\"300\" height=\"800\" srcset=\"https:\/\/bgnfurniture.com\/wp-content\/uploads\/2023\/07\/35-300x800.png 300w, https:\/\/bgnfurniture.com\/wp-content\/uploads\/2023\/07\/35-150x400.png 150w, https:\/\/bgnfurniture.com\/wp-content\/uploads\/2023\/07\/35-4x12.png 4w, https:\/\/bgnfurniture.com\/wp-content\/uploads\/2023\/07\/35.png 464w\" sizes=\"(max-width: 300px) 100vw, 300px\" \/><\/td>\n<\/tr>\n<\/tbody>\n<\/table>\n<p><img loading=\"lazy\" decoding=\"async\" class=\"aligncenter wp-image-3841 size-full\" src=\"https:\/\/bgnfurniture.com\/wp-content\/uploads\/2023\/07\/UV-2.2-scaled.jpg\" alt=\"\" width=\"2560\" height=\"1717\" srcset=\"https:\/\/bgnfurniture.com\/wp-content\/uploads\/2023\/07\/UV-2.2-scaled.jpg 2560w, https:\/\/bgnfurniture.com\/wp-content\/uploads\/2023\/07\/UV-2.2-596x400.jpg 596w, https:\/\/bgnfurniture.com\/wp-content\/uploads\/2023\/07\/UV-2.2-1192x800.jpg 1192w, https:\/\/bgnfurniture.com\/wp-content\/uploads\/2023\/07\/UV-2.2-768x515.jpg 768w, https:\/\/bgnfurniture.com\/wp-content\/uploads\/2023\/07\/UV-2.2-1536x1030.jpg 1536w, https:\/\/bgnfurniture.com\/wp-content\/uploads\/2023\/07\/UV-2.2-2048x1374.jpg 2048w, https:\/\/bgnfurniture.com\/wp-content\/uploads\/2023\/07\/UV-2.2-18x12.jpg 18w, https:\/\/bgnfurniture.com\/wp-content\/uploads\/2023\/07\/UV-2.2-510x342.jpg 510w\" sizes=\"(max-width: 2560px) 100vw, 2560px\" \/><\/p>\n<p><img loading=\"lazy\" decoding=\"async\" class=\"aligncenter wp-image-3840 size-full\" src=\"https:\/\/bgnfurniture.com\/wp-content\/uploads\/2023\/07\/z4513096742654_c421cba248359b80b673026b191f45f2-scaled.jpg\" alt=\"\" width=\"2560\" height=\"1725\" srcset=\"https:\/\/bgnfurniture.com\/wp-content\/uploads\/2023\/07\/z4513096742654_c421cba248359b80b673026b191f45f2-scaled.jpg 2560w, https:\/\/bgnfurniture.com\/wp-content\/uploads\/2023\/07\/z4513096742654_c421cba248359b80b673026b191f45f2-594x400.jpg 594w, https:\/\/bgnfurniture.com\/wp-content\/uploads\/2023\/07\/z4513096742654_c421cba248359b80b673026b191f45f2-1187x800.jpg 1187w, https:\/\/bgnfurniture.com\/wp-content\/uploads\/2023\/07\/z4513096742654_c421cba248359b80b673026b191f45f2-768x518.jpg 768w, https:\/\/bgnfurniture.com\/wp-content\/uploads\/2023\/07\/z4513096742654_c421cba248359b80b673026b191f45f2-1536x1035.jpg 1536w, https:\/\/bgnfurniture.com\/wp-content\/uploads\/2023\/07\/z4513096742654_c421cba248359b80b673026b191f45f2-2048x1380.jpg 2048w, https:\/\/bgnfurniture.com\/wp-content\/uploads\/2023\/07\/z4513096742654_c421cba248359b80b673026b191f45f2-18x12.jpg 18w, https:\/\/bgnfurniture.com\/wp-content\/uploads\/2023\/07\/z4513096742654_c421cba248359b80b673026b191f45f2-510x344.jpg 510w\" sizes=\"(max-width: 2560px) 100vw, 2560px\" \/><\/p>\n<p><span style=\"color: #000000;\"><img loading=\"lazy\" decoding=\"async\" class=\"aligncenter size-large wp-image-2906\" style=\"font-size: 14.4px;\" src=\"https:\/\/bgnfurniture.com\/wp-content\/uploads\/2022\/07\/White-1-1067x800.jpg\" alt=\"\" width=\"1020\" height=\"765\" srcset=\"https:\/\/bgnfurniture.com\/wp-content\/uploads\/2022\/07\/White-1-1067x800.jpg 1067w, https:\/\/bgnfurniture.com\/wp-content\/uploads\/2022\/07\/White-1-533x400.jpg 533w, https:\/\/bgnfurniture.com\/wp-content\/uploads\/2022\/07\/White-1-768x576.jpg 768w, https:\/\/bgnfurniture.com\/wp-content\/uploads\/2022\/07\/White-1-1536x1152.jpg 1536w, https:\/\/bgnfurniture.com\/wp-content\/uploads\/2022\/07\/White-1-2048x1536.jpg 2048w, https:\/\/bgnfurniture.com\/wp-content\/uploads\/2022\/07\/White-1-16x12.jpg 16w, https:\/\/bgnfurniture.com\/wp-content\/uploads\/2022\/07\/White-1-510x383.jpg 510w\" sizes=\"(max-width: 1020px) 100vw, 1020px\" \/><img loading=\"lazy\" decoding=\"async\" class=\"aligncenter size-large wp-image-2904\" src=\"https:\/\/bgnfurniture.com\/wp-content\/uploads\/2022\/07\/Silver-1-1067x800.jpg\" alt=\"\" width=\"1020\" height=\"765\" srcset=\"https:\/\/bgnfurniture.com\/wp-content\/uploads\/2022\/07\/Silver-1-1067x800.jpg 1067w, https:\/\/bgnfurniture.com\/wp-content\/uploads\/2022\/07\/Silver-1-533x400.jpg 533w, https:\/\/bgnfurniture.com\/wp-content\/uploads\/2022\/07\/Silver-1-768x576.jpg 768w, https:\/\/bgnfurniture.com\/wp-content\/uploads\/2022\/07\/Silver-1-1536x1152.jpg 1536w, https:\/\/bgnfurniture.com\/wp-content\/uploads\/2022\/07\/Silver-1-16x12.jpg 16w, https:\/\/bgnfurniture.com\/wp-content\/uploads\/2022\/07\/Silver-1-510x383.jpg 510w, https:\/\/bgnfurniture.com\/wp-content\/uploads\/2022\/07\/Silver-1.jpg 1600w\" sizes=\"(max-width: 1020px) 100vw, 1020px\" \/> <img loading=\"lazy\" decoding=\"async\" class=\"aligncenter size-large wp-image-2903\" src=\"https:\/\/bgnfurniture.com\/wp-content\/uploads\/2022\/07\/Pearl-White-1-1067x800.jpg\" alt=\"\" width=\"1020\" height=\"765\" srcset=\"https:\/\/bgnfurniture.com\/wp-content\/uploads\/2022\/07\/Pearl-White-1-1067x800.jpg 1067w, https:\/\/bgnfurniture.com\/wp-content\/uploads\/2022\/07\/Pearl-White-1-533x400.jpg 533w, https:\/\/bgnfurniture.com\/wp-content\/uploads\/2022\/07\/Pearl-White-1-768x576.jpg 768w, https:\/\/bgnfurniture.com\/wp-content\/uploads\/2022\/07\/Pearl-White-1-1536x1152.jpg 1536w, https:\/\/bgnfurniture.com\/wp-content\/uploads\/2022\/07\/Pearl-White-1-2048x1536.jpg 2048w, https:\/\/bgnfurniture.com\/wp-content\/uploads\/2022\/07\/Pearl-White-1-16x12.jpg 16w, https:\/\/bgnfurniture.com\/wp-content\/uploads\/2022\/07\/Pearl-White-1-510x383.jpg 510w\" sizes=\"(max-width: 1020px) 100vw, 1020px\" \/> <img loading=\"lazy\" decoding=\"async\" class=\"aligncenter size-large wp-image-2901\" src=\"https:\/\/bgnfurniture.com\/wp-content\/uploads\/2022\/07\/Bronze-1-1067x800.jpg\" alt=\"\" width=\"1020\" height=\"765\" srcset=\"https:\/\/bgnfurniture.com\/wp-content\/uploads\/2022\/07\/Bronze-1-1067x800.jpg 1067w, https:\/\/bgnfurniture.com\/wp-content\/uploads\/2022\/07\/Bronze-1-533x400.jpg 533w, https:\/\/bgnfurniture.com\/wp-content\/uploads\/2022\/07\/Bronze-1-768x576.jpg 768w, https:\/\/bgnfurniture.com\/wp-content\/uploads\/2022\/07\/Bronze-1-1536x1152.jpg 1536w, https:\/\/bgnfurniture.com\/wp-content\/uploads\/2022\/07\/Bronze-1-2048x1536.jpg 2048w, https:\/\/bgnfurniture.com\/wp-content\/uploads\/2022\/07\/Bronze-1-16x12.jpg 16w, https:\/\/bgnfurniture.com\/wp-content\/uploads\/2022\/07\/Bronze-1-510x383.jpg 510w\" sizes=\"(max-width: 1020px) 100vw, 1020px\" \/> <img loading=\"lazy\" decoding=\"async\" class=\"size-large wp-image-1067 aligncenter\" src=\"https:\/\/bgnfurniture.com\/wp-content\/uploads\/2022\/05\/PC40-5-co\u0301-logo-QR-1400x525.jpg\" alt=\"\" width=\"1020\" height=\"383\" srcset=\"https:\/\/bgnfurniture.com\/wp-content\/uploads\/2022\/05\/PC40-5-co\u0301-logo-QR-1400x525.jpg 1400w, https:\/\/bgnfurniture.com\/wp-content\/uploads\/2022\/05\/PC40-5-co\u0301-logo-QR-800x300.jpg 800w, https:\/\/bgnfurniture.com\/wp-content\/uploads\/2022\/05\/PC40-5-co\u0301-logo-QR-768x288.jpg 768w, https:\/\/bgnfurniture.com\/wp-content\/uploads\/2022\/05\/PC40-5-co\u0301-logo-QR-1536x576.jpg 1536w, https:\/\/bgnfurniture.com\/wp-content\/uploads\/2022\/05\/PC40-5-co\u0301-logo-QR-2048x768.jpg 2048w, https:\/\/bgnfurniture.com\/wp-content\/uploads\/2022\/05\/PC40-5-co\u0301-logo-QR-510x191.jpg 510w\" sizes=\"(max-width: 1020px) 100vw, 1020px\" \/><\/span><\/p>\n<p>&nbsp;<\/p>\n<p><span style=\"color: #000000;\">Specifications:<\/span><\/p>\n<table style=\"height: 336px; width: 100%; border-collapse: collapse; border-style: solid;\" border=\"1\">\n<tbody>\n<tr style=\"height: 23px;\">\n<td style=\"width: 24.2526%; height: 23px; text-align: center;\"><span style=\"color: #000000;\"><strong>Product's name<\/strong><\/span><\/td>\n<td style=\"width: 75.6284%; height: 23px;\"><span style=\"color: #000000;\"><strong>\u0110\u00e8n Kh\u00f4ng D\u00e2y BGN-W1\/2\/3-HI-PS\/SS\/BrS\/W<\/strong><\/span><\/td>\n<\/tr>\n<tr style=\"height: 23px;\">\n<td style=\"width: 24.2526%; height: 23px;\"><span style=\"color: #000000;\"><strong>Models<\/strong><\/span><\/td>\n<td style=\"width: 75.6284%; height: 23px;\"><span style=\"color: #000000;\"><strong>BGN-W1-<\/strong><strong style=\"font-size: 14.4px;\">HI<\/strong><strong style=\"font-family: inherit; font-size: inherit;\">&#8211;<strong>PS\/SS\/BrS<\/strong><\/strong><strong><br \/>\nBGN-W2-<\/strong><strong style=\"font-size: 14.4px;\">HI<\/strong><strong style=\"font-size: 14.4px;\">&#8211;<strong>PS\/SS\/BrS<\/strong><\/strong><strong><br \/>\n<\/strong><strong>BGN-W3-<\/strong><strong style=\"font-size: 14.4px;\">HI<\/strong><strong style=\"color: #000000; font-size: 14.4px;\">&#8211;<strong>PS\/SS\/BrS<\/strong><\/strong><strong><br \/>\n<\/strong><\/span><\/td>\n<\/tr>\n<tr style=\"height: 23px;\">\n<td style=\"width: 24.2526%; height: 23px;\"><span style=\"color: #000000;\">Colors<\/span><\/td>\n<td style=\"width: 75.6284%; height: 23px;\"><span style=\"color: #000000;\">Pearl White (P)\/ Silver (S)\/ Bronze (Br) + Stickers (S)<\/span><\/td>\n<\/tr>\n<tr style=\"height: 23px;\">\n<td style=\"width: 24.2526%; height: 23px;\"><span style=\"color: #000000;\"><strong>Dimensions<\/strong><\/span><\/td>\n<td style=\"width: 75.6284%; height: 23px;\"><span style=\"color: #000000;\"><strong>D90xH255 mm<\/strong><\/span><\/td>\n<\/tr>\n<tr style=\"height: 23px;\">\n<td style=\"width: 24.2526%; height: 23px;\"><span style=\"color: #000000;\">Surface<\/span><\/td>\n<td style=\"width: 75.6284%; height: 23px;\"><span style=\"color: #000000;\">Sand Blasted<\/span><\/td>\n<\/tr>\n<tr style=\"height: 23px;\">\n<td style=\"width: 24.2526%; height: 23px;\"><span style=\"color: #000000;\">Material<\/span><\/td>\n<td style=\"width: 75.6284%; height: 23px;\"><span style=\"color: #000000;\">ABS<\/span><\/td>\n<\/tr>\n<tr style=\"height: 23px;\">\n<td style=\"width: 24.2526%; height: 23px;\"><span style=\"color: #000000;\">Battery Type<\/span><\/td>\n<td style=\"width: 75.6284%; height: 23px;\"><span style=\"color: #000000;\">Lithium-ion<\/span><\/td>\n<\/tr>\n<tr style=\"height: 23px;\">\n<td style=\"width: 24.2526%; height: 24px;\"><span style=\"color: #000000;\">Leds Wattage<\/span><\/td>\n<td style=\"width: 75.6284%; height: 24px;\"><span style=\"color: #000000; font-size: 14.4px;\">Led 6W<\/span><\/td>\n<\/tr>\n<tr style=\"height: 21px;\">\n<td style=\"width: 24.2526%; height: 21px;\"><span style=\"color: #000000;\">Charging Voltage<\/span><\/td>\n<td style=\"width: 75.6284%; height: 21px;\"><span style=\"color: #000000; font-size: 14.4px;\">5V-2A<\/span><\/td>\n<\/tr>\n<tr style=\"height: 21px;\">\n<td style=\"width: 24.2526%; height: 21px;\"><span style=\"color: #000000; font-size: 14.4px;\">Capacity<\/span><\/td>\n<td style=\"width: 75.6284%; height: 21px;\"><span style=\"color: #000000;\">3500mAh<\/span><\/td>\n<\/tr>\n<tr style=\"height: 21px;\">\n<td style=\"width: 24.2526%; height: 21px;\"><span style=\"color: #000000; font-size: 14.4px;\">Operating Time<\/span><\/td>\n<td style=\"width: 75.6284%; height: 21px;\"><span style=\"color: #000000;\">20-100 hours<\/span><\/td>\n<\/tr>\n<tr style=\"height: 21px;\">\n<td style=\"width: 24.2526%; height: 21px;\"><span style=\"color: #000000; font-size: 14.4px;\">Charger Time<\/span><\/td>\n<td style=\"width: 75.6284%; height: 21px;\"><span style=\"color: #000000;\">12 hours<\/span><\/td>\n<\/tr>\n<tr style=\"height: 21px;\">\n<td style=\"width: 24.2526%; height: 21px;\"><span style=\"color: #000000; font-size: 14.4px;\">Accessory<\/span><\/td>\n<td style=\"width: 75.6284%; height: 21px;\"><span style=\"color: #000000;\">charger 5V-2A<br \/>\ncharging cable 1m5<\/span><\/td>\n<\/tr>\n<tr style=\"height: 23px;\">\n<td style=\"width: 24.2526%; height: 23px;\"><span style=\"color: #000000;\"><strong>Brand<\/strong><\/span><\/td>\n<td style=\"width: 75.6284%; height: 23px;\"><span style=\"color: #000000;\"><strong>bgn. vn<\/strong><\/span><\/td>\n<\/tr>\n<tr style=\"height: 23px;\">\n<td style=\"width: 24.2526%; height: 23px;\"><span style=\"color: #000000;\">Warranty<\/span><\/td>\n<td style=\"width: 75.6284%; height: 23px;\"><span style=\"color: #000000;\">12 Months<\/span><\/td>\n<\/tr>\n<\/tbody>\n<\/table>\n<p><span style=\"color: #000000;\"><span style=\"font-size: 19px;\">Call<\/span><span style=\"font-size: 19px;\"> <!--This link will work on Android and iPhone. It will be visible to desktop users but will result in an error when clicked --><span style=\"color: #000077;\"><a style=\"color: #000077;\" href=\"tel:093 12345 75\">093 12345 75<\/a> <\/span><\/span><span style=\"font-size: 19px;\">To own a high-class cordless lamp at the most reasonable price!<\/span><\/span><\/p>","protected":false},"excerpt":{"rendered":"<p><span style=\"color: #000000;\"><span style=\"font-size: 100%;\"><span style=\"font-size: 115%;\"><strong>Product Name: Wireless Light <\/strong><br \/>\n<strong>Product's ID:<\/strong><br \/>\n<span style=\"font-size: 95%;\"><strong>BGN-W1-HI-PS\/SS\/BrS<\/strong><\/span><br \/>\n<span style=\"font-size: 95%;\"><strong>BGN-W2-HI-PS\/SS\/BrS<\/strong><\/span><br \/>\n<span style=\"font-size: 95%;\"><strong>BGN-W3-HI-PS\/SS\/BrS<\/strong><\/span><br \/>\nBattery: 2200mAh<br \/>\nColors: Pearl White\/ Silver\/ Bronze + Stickers<\/span><br \/>\n<\/span><span style=\"font-size: 100%;\">Type: Wide Light<br \/>\n<span style=\"text-decoration: underline; font-size: 105%;\"><a style=\"color: #000000; text-decoration: underline;\" href=\"https:\/\/bgnfurniture.com\/en\/pin-lithium-ion\/\">Battery Type: Lithium Ion (Li-ion)<\/a><\/span><\/span><br \/>\n<span style=\"font-size: 100%;\">Dimensions: D90xH255 mm<\/span><br \/>\n<span style=\"font-size: 100%;\">Material: ABS<\/span><br \/>\n<span style=\"font-size: 100%;\">Products include: Box, guide, charger, charging cable USB-Type C<br \/>\n<span style=\"color: #000000;\"><strong>(C\u00f3 In UV theo y\u00eau c\u1ea7u, li\u00ean h\u1ec7 g\u1eedi m\u1eabu v\u00e0 s\u1ed1 l\u01b0\u1ee3ng)<\/strong><\/span><br \/>\n<strong>(The above price does not include VAT)<\/strong><\/span><br \/>\n<span style=\"font-size: 120%; color: #000077;\"><strong>Contact: <!--This link will work on Android and iPhone. It will be visible to desktop users but will result in an error when clicked --><a style=\"color: #000077;\" href=\"tel:093 12345 75\">093 12345 75<\/a><\/strong><\/span><\/span><\/p>\n<p><a href=\"https:\/\/bgnfurniture.com\/en\/hdsd-den-khong-day\/\"><span style=\"text-decoration: underline;\"><span style=\"font-size: 110%; color: #000077; text-decoration: underline;\"><strong>User manual<\/strong><\/span><\/span><\/a><\/p>","protected":false},"featured_media":4027,"comment_status":"open","ping_status":"closed","template":"","meta":{"_eb_attr":""},"product_brand":[],"product_cat":[1090,73],"product_tag":[935,936,937,938,529,909,908,910,511,521,945,524,522,518,930,943,951,952,953,931,520,913,523,525,950,949,942,927,926,510,954,956,955,947,526,946,933,934,517,516,948,940,944,932,519,941,527,911,912,929,924,925,919,920,915,922,921,914,939,928,916,917,918,923],"class_list":{"0":"post-3930","1":"product","2":"type-product","3":"status-publish","4":"has-post-thumbnail","6":"product_cat-anh-sang-rong","7":"product_cat-bo-suu-tap-den-khong-day","8":"product_tag-935","9":"product_tag-936","10":"product_tag-937","11":"product_tag-938","12":"product_tag-den-1800mah","13":"product_tag-den-2000mah","14":"product_tag-den-3500mah","15":"product_tag-den-7000mah","16":"product_tag-den-anh-sang-rong","17":"product_tag-den-ban-an","18":"product_tag-den-ban-bep","19":"product_tag-den-ban-hoc","20":"product_tag-den-ban-lam-viec","21":"product_tag-den-cam-tay","22":"product_tag-den-cam-trai","23":"product_tag-den-cao-cap","24":"product_tag-den-cho-con-gai","25":"product_tag-den-cho-con-trai","26":"product_tag-den-cho-phong-ngu","27":"product_tag-den-da-nang","28":"product_tag-den-de-ban","29":"product_tag-den-dieu-chinh-anh-sang","30":"product_tag-den-dieu-chinh-do-sang","31":"product_tag-den-doc-sach","32":"product_tag-den-dung","33":"product_tag-den-dung-trang","34":"product_tag-den-gia-re","35":"product_tag-den-kem-hinh-dan","36":"product_tag-den-kem-stickers","37":"product_tag-den-khong-day","38":"product_tag-den-lam-viec","39":"product_tag-den-led","40":"product_tag-den-led-su-dung-pin","41":"product_tag-den-ngan","42":"product_tag-den-ngu","43":"product_tag-den-nho","44":"product_tag-den-nut-nhan","45":"product_tag-den-nut-nhan-cam-ung","46":"product_tag-den-sac","47":"product_tag-den-sac-khong-day","48":"product_tag-den-tam-trang","49":"product_tag-den-tam-trung","50":"product_tag-den-tang","51":"product_tag-den-tich-hop-sac-ko-day","52":"product_tag-den-trang-tri","53":"product_tag-den-trong-tam-gia","54":"product_tag-den","55":"product_tag-dieu-chinh-do-sang","56":"product_tag-do-sang","57":"product_tag-hinh-dan","58":"product_tag-mau-bac","59":"product_tag-mau-dong","60":"product_tag-mau-go","61":"product_tag-mau-go-nu","62":"product_tag-mau-trang","63":"product_tag-mau-van-da","64":"product_tag-mau-van-go","65":"product_tag-muc-anh-sang","66":"product_tag-pin-dung-luong-cao","67":"product_tag-stickers","68":"product_tag-trang-ngoc-trai","69":"product_tag-trang-nham","70":"product_tag-trang-tron","71":"product_tag-van-da","73":"first","74":"instock","75":"taxable","76":"shipping-taxable","77":"product-type-simple"},"_links":{"self":[{"href":"https:\/\/bgnfurniture.com\/en\/wp-json\/wp\/v2\/product\/3930","targetHints":{"allow":["GET"]}}],"collection":[{"href":"https:\/\/bgnfurniture.com\/en\/wp-json\/wp\/v2\/product"}],"about":[{"href":"https:\/\/bgnfurniture.com\/en\/wp-json\/wp\/v2\/types\/product"}],"replies":[{"embeddable":true,"href":"https:\/\/bgnfurniture.com\/en\/wp-json\/wp\/v2\/comments?post=3930"}],"wp:featuredmedia":[{"embeddable":true,"href":"https:\/\/bgnfurniture.com\/en\/wp-json\/wp\/v2\/media\/4027"}],"wp:attachment":[{"href":"https:\/\/bgnfurniture.com\/en\/wp-json\/wp\/v2\/media?parent=3930"}],"wp:term":[{"taxonomy":"product_brand","embeddable":true,"href":"https:\/\/bgnfurniture.com\/en\/wp-json\/wp\/v2\/product_brand?post=3930"},{"taxonomy":"product_cat","embeddable":true,"href":"https:\/\/bgnfurniture.com\/en\/wp-json\/wp\/v2\/product_cat?post=3930"},{"taxonomy":"product_tag","embeddable":true,"href":"https:\/\/bgnfurniture.com\/en\/wp-json\/wp\/v2\/product_tag?post=3930"}],"curies":[{"name":"wp","href":"https:\/\/api.w.org\/{rel}","templated":true}]}}