{"id":824,"date":"2022-06-01T08:20:57","date_gmt":"2022-06-01T08:20:57","guid":{"rendered":"https:\/\/bgnfurniture.com\/?post_type=product&#038;p=824"},"modified":"2024-07-17T11:25:08","modified_gmt":"2024-07-17T04:25:08","slug":"bo-ban-ghe-an-df07","status":"publish","type":"product","link":"https:\/\/bgnfurniture.com\/en\/product\/bo-ban-ghe-an-df07\/","title":{"rendered":"Dining Furniture Set DF38-01-08"},"content":{"rendered":"<p><span style=\"color: #000000;\"><img fetchpriority=\"high\" decoding=\"async\" class=\"aligncenter wp-image-827 size-large\" src=\"https:\/\/bgnfurniture.com\/wp-content\/uploads\/2022\/06\/BGN-DF38-01-08-W-1067x800.jpg\" alt=\"\" width=\"1020\" height=\"765\" srcset=\"https:\/\/bgnfurniture.com\/wp-content\/uploads\/2022\/06\/BGN-DF38-01-08-W-1067x800.jpg 1067w, https:\/\/bgnfurniture.com\/wp-content\/uploads\/2022\/06\/BGN-DF38-01-08-W-533x400.jpg 533w, https:\/\/bgnfurniture.com\/wp-content\/uploads\/2022\/06\/BGN-DF38-01-08-W-768x576.jpg 768w, https:\/\/bgnfurniture.com\/wp-content\/uploads\/2022\/06\/BGN-DF38-01-08-W-1536x1152.jpg 1536w, https:\/\/bgnfurniture.com\/wp-content\/uploads\/2022\/06\/BGN-DF38-01-08-W-510x383.jpg 510w, https:\/\/bgnfurniture.com\/wp-content\/uploads\/2022\/06\/BGN-DF38-01-08-W.jpg 1600w\" sizes=\"(max-width: 1020px) 100vw, 1020px\" \/><\/span><span style=\"color: #000000;\"><img decoding=\"async\" class=\"aligncenter size-large wp-image-1265\" src=\"https:\/\/bgnfurniture.com\/wp-content\/uploads\/2022\/06\/TI-C-126-L73-C15-W-QR-MS-1067x800.png\" alt=\"\" width=\"1020\" height=\"765\" srcset=\"https:\/\/bgnfurniture.com\/wp-content\/uploads\/2022\/06\/TI-C-126-L73-C15-W-QR-MS-1067x800.png 1067w, https:\/\/bgnfurniture.com\/wp-content\/uploads\/2022\/06\/TI-C-126-L73-C15-W-QR-MS-533x400.png 533w, https:\/\/bgnfurniture.com\/wp-content\/uploads\/2022\/06\/TI-C-126-L73-C15-W-QR-MS-768x576.png 768w, https:\/\/bgnfurniture.com\/wp-content\/uploads\/2022\/06\/TI-C-126-L73-C15-W-QR-MS-1536x1152.png 1536w, https:\/\/bgnfurniture.com\/wp-content\/uploads\/2022\/06\/TI-C-126-L73-C15-W-QR-MS-510x383.png 510w, https:\/\/bgnfurniture.com\/wp-content\/uploads\/2022\/06\/TI-C-126-L73-C15-W-QR-MS.png 1600w\" sizes=\"(max-width: 1020px) 100vw, 1020px\" \/><img decoding=\"async\" class=\"aligncenter size-large wp-image-2312\" src=\"https:\/\/bgnfurniture.com\/wp-content\/uploads\/2022\/06\/Hinh-MB-logo-moi-1067x800.jpg\" alt=\"\" width=\"1020\" height=\"765\" srcset=\"https:\/\/bgnfurniture.com\/wp-content\/uploads\/2022\/06\/Hinh-MB-logo-moi-1067x800.jpg 1067w, https:\/\/bgnfurniture.com\/wp-content\/uploads\/2022\/06\/Hinh-MB-logo-moi-533x400.jpg 533w, https:\/\/bgnfurniture.com\/wp-content\/uploads\/2022\/06\/Hinh-MB-logo-moi-768x576.jpg 768w, https:\/\/bgnfurniture.com\/wp-content\/uploads\/2022\/06\/Hinh-MB-logo-moi-1536x1152.jpg 1536w, https:\/\/bgnfurniture.com\/wp-content\/uploads\/2022\/06\/Hinh-MB-logo-moi-16x12.jpg 16w, https:\/\/bgnfurniture.com\/wp-content\/uploads\/2022\/06\/Hinh-MB-logo-moi-510x383.jpg 510w, https:\/\/bgnfurniture.com\/wp-content\/uploads\/2022\/06\/Hinh-MB-logo-moi.jpg 1600w\" sizes=\"(max-width: 1020px) 100vw, 1020px\" \/><img loading=\"lazy\" decoding=\"async\" class=\"aligncenter size-large wp-image-3238\" style=\"font-size: 14.4px;\" src=\"https:\/\/bgnfurniture.com\/wp-content\/uploads\/2022\/06\/AC-01-Cm-In-800x800.jpg\" alt=\"\" width=\"800\" height=\"800\" srcset=\"https:\/\/bgnfurniture.com\/wp-content\/uploads\/2022\/06\/AC-01-Cm-In-800x800.jpg 800w, https:\/\/bgnfurniture.com\/wp-content\/uploads\/2022\/06\/AC-01-Cm-In-400x400.jpg 400w, https:\/\/bgnfurniture.com\/wp-content\/uploads\/2022\/06\/AC-01-Cm-In-280x280.jpg 280w, https:\/\/bgnfurniture.com\/wp-content\/uploads\/2022\/06\/AC-01-Cm-In-768x768.jpg 768w, https:\/\/bgnfurniture.com\/wp-content\/uploads\/2022\/06\/AC-01-Cm-In-12x12.jpg 12w, https:\/\/bgnfurniture.com\/wp-content\/uploads\/2022\/06\/AC-01-Cm-In-510x510.jpg 510w, https:\/\/bgnfurniture.com\/wp-content\/uploads\/2022\/06\/AC-01-Cm-In-100x100.jpg 100w, https:\/\/bgnfurniture.com\/wp-content\/uploads\/2022\/06\/AC-01-Cm-In.jpg 1000w\" sizes=\"(max-width: 800px) 100vw, 800px\" \/><img loading=\"lazy\" decoding=\"async\" class=\"aligncenter size-large wp-image-356\" src=\"https:\/\/bgnfurniture.com\/wp-content\/uploads\/2022\/05\/AC-01-2-1067x800.png\" alt=\"\" width=\"1020\" height=\"765\" srcset=\"https:\/\/bgnfurniture.com\/wp-content\/uploads\/2022\/05\/AC-01-2-1067x800.png 1067w, https:\/\/bgnfurniture.com\/wp-content\/uploads\/2022\/05\/AC-01-2-533x400.png 533w, https:\/\/bgnfurniture.com\/wp-content\/uploads\/2022\/05\/AC-01-2-768x576.png 768w, https:\/\/bgnfurniture.com\/wp-content\/uploads\/2022\/05\/AC-01-2-1536x1152.png 1536w, https:\/\/bgnfurniture.com\/wp-content\/uploads\/2022\/05\/AC-01-2-510x383.png 510w, https:\/\/bgnfurniture.com\/wp-content\/uploads\/2022\/05\/AC-01-2.png 2000w\" sizes=\"(max-width: 1020px) 100vw, 1020px\" \/> <img loading=\"lazy\" decoding=\"async\" class=\"aligncenter size-large wp-image-354\" src=\"https:\/\/bgnfurniture.com\/wp-content\/uploads\/2022\/05\/AC-01-4-1067x800.png\" alt=\"\" width=\"1020\" height=\"765\" srcset=\"https:\/\/bgnfurniture.com\/wp-content\/uploads\/2022\/05\/AC-01-4-1067x800.png 1067w, https:\/\/bgnfurniture.com\/wp-content\/uploads\/2022\/05\/AC-01-4-533x400.png 533w, https:\/\/bgnfurniture.com\/wp-content\/uploads\/2022\/05\/AC-01-4-768x576.png 768w, https:\/\/bgnfurniture.com\/wp-content\/uploads\/2022\/05\/AC-01-4-1536x1152.png 1536w, https:\/\/bgnfurniture.com\/wp-content\/uploads\/2022\/05\/AC-01-4-510x383.png 510w, https:\/\/bgnfurniture.com\/wp-content\/uploads\/2022\/05\/AC-01-4.png 2000w\" sizes=\"(max-width: 1020px) 100vw, 1020px\" \/><img loading=\"lazy\" decoding=\"async\" class=\"aligncenter size-large wp-image-2315\" src=\"https:\/\/bgnfurniture.com\/wp-content\/uploads\/2022\/05\/Chitiet-AC-01-533x800.jpg\" alt=\"\" width=\"533\" height=\"800\" srcset=\"https:\/\/bgnfurniture.com\/wp-content\/uploads\/2022\/05\/Chitiet-AC-01-533x800.jpg 533w, https:\/\/bgnfurniture.com\/wp-content\/uploads\/2022\/05\/Chitiet-AC-01-267x400.jpg 267w, https:\/\/bgnfurniture.com\/wp-content\/uploads\/2022\/05\/Chitiet-AC-01-768x1152.jpg 768w, https:\/\/bgnfurniture.com\/wp-content\/uploads\/2022\/05\/Chitiet-AC-01-1024x1536.jpg 1024w, https:\/\/bgnfurniture.com\/wp-content\/uploads\/2022\/05\/Chitiet-AC-01-1365x2048.jpg 1365w, https:\/\/bgnfurniture.com\/wp-content\/uploads\/2022\/05\/Chitiet-AC-01-8x12.jpg 8w, https:\/\/bgnfurniture.com\/wp-content\/uploads\/2022\/05\/Chitiet-AC-01-510x765.jpg 510w, https:\/\/bgnfurniture.com\/wp-content\/uploads\/2022\/05\/Chitiet-AC-01-scaled.jpg 1706w\" sizes=\"(max-width: 533px) 100vw, 533px\" \/> <img loading=\"lazy\" decoding=\"async\" class=\"aligncenter size-large wp-image-2314\" src=\"https:\/\/bgnfurniture.com\/wp-content\/uploads\/2022\/05\/Chitiet-AC-01.1-1200x800.jpg\" alt=\"\" width=\"1020\" height=\"680\" srcset=\"https:\/\/bgnfurniture.com\/wp-content\/uploads\/2022\/05\/Chitiet-AC-01.1-1200x800.jpg 1200w, https:\/\/bgnfurniture.com\/wp-content\/uploads\/2022\/05\/Chitiet-AC-01.1-600x400.jpg 600w, https:\/\/bgnfurniture.com\/wp-content\/uploads\/2022\/05\/Chitiet-AC-01.1-768x512.jpg 768w, https:\/\/bgnfurniture.com\/wp-content\/uploads\/2022\/05\/Chitiet-AC-01.1-1536x1024.jpg 1536w, https:\/\/bgnfurniture.com\/wp-content\/uploads\/2022\/05\/Chitiet-AC-01.1-2048x1365.jpg 2048w, https:\/\/bgnfurniture.com\/wp-content\/uploads\/2022\/05\/Chitiet-AC-01.1-18x12.jpg 18w, https:\/\/bgnfurniture.com\/wp-content\/uploads\/2022\/05\/Chitiet-AC-01.1-510x340.jpg 510w\" sizes=\"(max-width: 1020px) 100vw, 1020px\" \/> <img loading=\"lazy\" decoding=\"async\" class=\"aligncenter size-full wp-image-3097\" style=\"font-size: 14.4px;\" src=\"https:\/\/bgnfurniture.com\/wp-content\/uploads\/2022\/05\/S130-4L.jpg\" alt=\"\" width=\"826\" height=\"712\" srcset=\"https:\/\/bgnfurniture.com\/wp-content\/uploads\/2022\/05\/S130-4L.jpg 826w, https:\/\/bgnfurniture.com\/wp-content\/uploads\/2022\/05\/S130-4L-464x400.jpg 464w, https:\/\/bgnfurniture.com\/wp-content\/uploads\/2022\/05\/S130-4L-768x662.jpg 768w, https:\/\/bgnfurniture.com\/wp-content\/uploads\/2022\/05\/S130-4L-14x12.jpg 14w, https:\/\/bgnfurniture.com\/wp-content\/uploads\/2022\/05\/S130-4L-510x440.jpg 510w\" sizes=\"(max-width: 826px) 100vw, 826px\" \/><img loading=\"lazy\" decoding=\"async\" class=\"aligncenter size-large wp-image-3094\" src=\"https:\/\/bgnfurniture.com\/wp-content\/uploads\/2022\/05\/L73-e1673236969859-1348x800.jpg\" alt=\"\" width=\"1020\" height=\"605\" srcset=\"https:\/\/bgnfurniture.com\/wp-content\/uploads\/2022\/05\/L73-e1673236969859-1348x800.jpg 1348w, https:\/\/bgnfurniture.com\/wp-content\/uploads\/2022\/05\/L73-e1673236969859-674x400.jpg 674w, https:\/\/bgnfurniture.com\/wp-content\/uploads\/2022\/05\/L73-e1673236969859-768x456.jpg 768w, https:\/\/bgnfurniture.com\/wp-content\/uploads\/2022\/05\/L73-e1673236969859-1536x912.jpg 1536w, https:\/\/bgnfurniture.com\/wp-content\/uploads\/2022\/05\/L73-e1673236969859-18x12.jpg 18w, https:\/\/bgnfurniture.com\/wp-content\/uploads\/2022\/05\/L73-e1673236969859-510x303.jpg 510w, https:\/\/bgnfurniture.com\/wp-content\/uploads\/2022\/05\/L73-e1673236969859.jpg 1907w\" sizes=\"(max-width: 1020px) 100vw, 1020px\" \/><img loading=\"lazy\" decoding=\"async\" class=\"aligncenter wp-image-2326 size-large\" src=\"https:\/\/bgnfurniture.com\/wp-content\/uploads\/2022\/06\/Packing-AC-01AC-02-1067x800.jpg\" alt=\"\" width=\"1067\" height=\"800\" srcset=\"https:\/\/bgnfurniture.com\/wp-content\/uploads\/2022\/06\/Packing-AC-01AC-02-1067x800.jpg 1067w, https:\/\/bgnfurniture.com\/wp-content\/uploads\/2022\/06\/Packing-AC-01AC-02-533x400.jpg 533w, https:\/\/bgnfurniture.com\/wp-content\/uploads\/2022\/06\/Packing-AC-01AC-02-768x576.jpg 768w, https:\/\/bgnfurniture.com\/wp-content\/uploads\/2022\/06\/Packing-AC-01AC-02-1536x1152.jpg 1536w, https:\/\/bgnfurniture.com\/wp-content\/uploads\/2022\/06\/Packing-AC-01AC-02-2048x1536.jpg 2048w, https:\/\/bgnfurniture.com\/wp-content\/uploads\/2022\/06\/Packing-AC-01AC-02-16x12.jpg 16w, https:\/\/bgnfurniture.com\/wp-content\/uploads\/2022\/06\/Packing-AC-01AC-02-510x383.jpg 510w\" sizes=\"(max-width: 1067px) 100vw, 1067px\" \/><\/span><br \/>\n<span style=\"color: #000000;\">Technical information:<\/span><\/p>\n<table style=\"height: 234px; width: 100%; border-collapse: collapse;\" border=\"1\">\n<tbody>\n<tr style=\"height: 23px;\">\n<td style=\"width: 21.4541%; height: 23px; text-align: center;\"><span style=\"color: #000000;\"><strong>Product's name<\/strong><\/span><\/td>\n<td style=\"width: 78.4788%; height: 23px;\"><span style=\"color: #000000;\"><strong>ALUMINUM TABLE<\/strong><\/span><\/td>\n<\/tr>\n<tr style=\"height: 23px;\">\n<td style=\"width: 21.4541%; height: 23px;\"><span style=\"color: #000000;\"><strong>Models<\/strong><\/span><\/td>\n<td style=\"width: 78.4788%; height: 23px;\"><span style=\"color: #000000;\"><strong>TI-C-126-L75-C15-W\/Br\/B<\/strong><\/span><\/td>\n<\/tr>\n<tr style=\"height: 23px;\">\n<td style=\"width: 21.4541%; height: 23px;\"><span style=\"color: #000000;\">Colors<\/span><\/td>\n<td style=\"width: 78.4788%; height: 23px;\"><span style=\"color: #000000;\">White\/ Bronze\/ Black<\/span><\/td>\n<\/tr>\n<tr>\n<td style=\"width: 21.4541%;\"><span style=\"color: #000000;\">Top Coat Finishing<\/span><\/td>\n<td style=\"width: 78.4788%;\"><span style=\"color: #000000;\">Sand Blasted<\/span><\/td>\n<\/tr>\n<tr style=\"height: 19px;\">\n<td style=\"width: 21.4541%; height: 19px;\"><span style=\"color: #000000;\"><strong>Dimensions<\/strong><\/span><\/td>\n<td style=\"width: 78.4788%; height: 19px;\"><span style=\"color: #000000;\"><strong>D126xH75 cm<\/strong><\/span><\/td>\n<\/tr>\n<tr style=\"height: 23px;\">\n<td style=\"width: 21.4541%; height: 23px;\"><span style=\"color: #000000;\">Surface Paint<\/span><\/td>\n<td style=\"width: 78.4788%; height: 23px;\"><span style=\"color: #000000;\">Powder Coating<\/span><\/td>\n<\/tr>\n<tr style=\"height: 23px;\">\n<td style=\"width: 21.4541%; height: 23px;\"><span style=\"color: #000000;\">Material<\/span><\/td>\n<td style=\"width: 78.4788%; height: 23px;\"><span style=\"color: #000000;\">Aluminum<\/span><\/td>\n<\/tr>\n<tr style=\"height: 23px;\">\n<td style=\"width: 21.4541%; height: 23px;\"><span style=\"color: #000000;\">Style<\/span><\/td>\n<td style=\"width: 78.4788%; height: 23px;\"><span style=\"color: #000000;\">Classic<\/span><\/td>\n<\/tr>\n<tr style=\"height: 23px;\">\n<td style=\"width: 21.4541%; height: 23px;\"><span style=\"color: #000000;\">Origin<\/span><\/td>\n<td style=\"width: 78.4788%; height: 23px;\"><span style=\"color: #000000;\">Viet Nam<\/span><\/td>\n<\/tr>\n<tr style=\"height: 31px;\">\n<td style=\"width: 21.4541%; height: 31px;\"><span style=\"color: #000000;\"><strong>Brand<\/strong><\/span><\/td>\n<td style=\"width: 78.4788%; height: 31px;\"><span style=\"color: #000000;\"><strong>bgn.vn<\/strong><\/span><\/td>\n<\/tr>\n<tr style=\"height: 23px;\">\n<td style=\"width: 21.4541%; height: 23px;\"><span style=\"color: #000000;\">Warranty<\/span><\/td>\n<td style=\"width: 78.4788%; height: 23px;\"><span style=\"color: #000000;\">2 years<\/span><\/td>\n<\/tr>\n<\/tbody>\n<\/table>\n<h4><\/h4>\n<table style=\"height: 251px; width: 100%; border-collapse: collapse; border-style: solid;\" border=\"1\">\n<tbody>\n<tr style=\"height: 23px;\">\n<td style=\"width: 21.4286%; height: 23px; text-align: center;\"><span style=\"color: #000000;\"><strong>Product's name<\/strong><\/span><\/td>\n<td style=\"width: 78.4524%; height: 23px;\"><span style=\"color: #000000;\"><strong>CAST ALUMINUM CHAIRS<\/strong><\/span><\/td>\n<\/tr>\n<tr style=\"height: 23px;\">\n<td style=\"width: 21.4286%; height: 23px;\"><span style=\"color: #000000;\"><strong>Models<\/strong><\/span><\/td>\n<td style=\"width: 78.4524%; height: 23px;\"><span style=\"color: #000000;\"><strong>AC-01-W\/Br\/B<\/strong><\/span><\/td>\n<\/tr>\n<tr style=\"height: 23px;\">\n<td style=\"width: 21.4286%; height: 23px;\"><span style=\"color: #000000;\">Colors<\/span><\/td>\n<td style=\"width: 78.4524%; height: 23px;\"><span style=\"color: #000000;\"><span style=\"color: #000000;\">White\/ Bronze\/ Black<\/span><\/span><\/td>\n<\/tr>\n<tr style=\"height: 21px;\">\n<td style=\"width: 21.4286%; height: 21px;\"><span style=\"color: #000000;\">Top Coat Finishing<\/span><\/td>\n<td style=\"width: 78.4524%; height: 21px;\"><span style=\"color: #000000;\"><span style=\"color: #000000;\">Sand Blasted<\/span><\/span><\/td>\n<\/tr>\n<tr style=\"height: 23px;\">\n<td style=\"width: 21.4286%; height: 23px;\"><span style=\"color: #000000;\"><strong>Dimensions<\/strong><\/span><\/td>\n<td style=\"width: 78.4524%; height: 23px;\"><span style=\"color: #000000;\"><strong>L60xW57xH89 cm<\/strong><\/span><\/td>\n<\/tr>\n<tr style=\"height: 23px;\">\n<td style=\"width: 21.4286%; height: 23px;\"><span style=\"color: #000000;\">Surface Paint<\/span><\/td>\n<td style=\"width: 78.4524%; height: 23px;\"><span style=\"color: #000000;\">Powder Coating<\/span><\/td>\n<\/tr>\n<tr style=\"height: 23px;\">\n<td style=\"width: 21.4286%; height: 23px;\"><span style=\"color: #000000;\">Material<\/span><\/td>\n<td style=\"width: 78.4524%; height: 23px;\"><span style=\"color: #000000;\">Aluminum<\/span><\/td>\n<\/tr>\n<tr style=\"height: 23px;\">\n<td style=\"width: 21.4286%; height: 23px;\"><span style=\"color: #000000;\">Style<\/span><\/td>\n<td style=\"width: 78.4524%; height: 23px;\"><span style=\"color: #000000;\">Classic<\/span><\/td>\n<\/tr>\n<tr style=\"height: 23px;\">\n<td style=\"width: 21.4286%; height: 23px;\"><span style=\"color: #000000;\">Origin<\/span><\/td>\n<td style=\"width: 78.4524%; height: 23px;\"><span style=\"color: #000000;\">Viet Nam<\/span><\/td>\n<\/tr>\n<tr style=\"height: 23px;\">\n<td style=\"width: 21.4286%; height: 23px;\"><span style=\"color: #000000;\"><strong>Brand<\/strong><\/span><\/td>\n<td style=\"width: 78.4524%; height: 23px;\"><span style=\"color: #000000;\"><strong>bgn.vn<\/strong><\/span><\/td>\n<\/tr>\n<tr style=\"height: 23px;\">\n<td style=\"width: 21.4286%; height: 23px;\"><span style=\"color: #000000;\">Warranty<\/span><\/td>\n<td style=\"width: 78.4524%; height: 23px;\"><span style=\"color: #000000;\">2 years<\/span><\/td>\n<\/tr>\n<\/tbody>\n<\/table>\n<p><span style=\"color: #000000;\"><span style=\"font-size: 19px;\"><span style=\"color: #000000;\">Call<\/span> <!--This link will work on Android and iPhone. It will be visible to desktop users but will result in an error when clicked --><span style=\"color: #000077;\"><a style=\"color: #000077;\" href=\"tel:093 12345 75\">093 12345 75<\/a> <\/span><\/span><span style=\"font-size: 19px;\">\u0111<span style=\"color: #000000;\">\u1ec3 s\u1edf h\u1eefu 1 b\u1ed9 b\u00e0n gh\u1ebf nh\u00f4m \u0111\u00fac cao c\u1ea5p v\u1edbi gi\u00e1 h\u1ee3p l\u00fd nh\u1ea5t!<\/span><\/span><\/span><\/p>","protected":false},"excerpt":{"rendered":"<p><span style=\"color: #000000;\"><strong>M\u00e3 b\u1ed9: BGN-DF38-01-08-W\/Br\/B<\/strong><br \/>\nProduct name: Cast Aluminum Table<br \/>\nM\u00e3 s\u1ea3n ph\u1ea9m: TI-C-126-L75-C15-W\/Br\/B<br \/>\nQuantity: 01 piece<br \/>\nProduct's name: Cast Aluminum Chair<br \/>\nCode: AC-01-W\/Br\/B<br \/>\nS\u1ed1 l\u01b0\u1ee3ng: 08 c\u00e1i<br \/>\nDimensions: See details below<br \/>\nMaterial: Aluminium<br \/>\nColors: White\/ Bronze\/ Black<br \/>\n<\/span><span style=\"color: #000000;\"><span style=\"font-size: 100%;\"><span style=\"color: #ed1c24; font-size: 110%;\"><strong>(Customers who need Black products or color options please get in touch with us for advice and orders.)<\/strong><\/span><\/span><br \/>\nTop Coat Finishing: Sand Blasted<br \/>\n<span style=\"color: #000077;\"><strong><span style=\"font-size: 120%;\">Contact: <!--This link will work on Android and iPhone. It will be visible to desktop users but will result in an error when clicked --><a style=\"color: #000077;\" href=\"tel:093 12345 75\">093 12345 75<\/a><\/span><\/strong><\/span><\/span><\/p>\n<p><span style=\"text-decoration: underline;\"><a href=\"https:\/\/bgnfurniture.com\/en\/ban-nhom-chan-tru-vuong-1300\/\"><span style=\"font-size: 110%;\"><strong><span style=\"color: #000077; text-decoration: underline;\">Table assembly instructions<\/span><\/strong><\/span><\/a><\/span><br \/>\n<span style=\"text-decoration: underline;\"><a href=\"https:\/\/bgnfurniture.com\/en\/video-lap-rap-ghe-ac-01-ac-02\/\"><span style=\"font-size: 110%;\"><strong><span style=\"color: #000077; text-decoration: underline;\">Chair assembly instructions<\/span><\/strong><\/span><\/a><\/span><\/p>","protected":false},"featured_media":827,"comment_status":"open","ping_status":"closed","template":"","meta":{"_eb_attr":""},"product_brand":[],"product_cat":[70],"product_tag":[91,83,111,217,278,276],"class_list":{"0":"post-824","1":"product","2":"type-product","3":"status-publish","4":"has-post-thumbnail","6":"product_cat-bo-suu-tap-ban-ghe-an","7":"product_tag-8-ghe-ac-01","8":"product_tag-ac-01","9":"product_tag-ban-ghe-an","10":"product_tag-ban-tron-1265","11":"product_tag-bgn-df38-01-08","12":"product_tag-ti-c-126-l73-c15","14":"first","15":"instock","16":"taxable","17":"shipping-taxable","18":"product-type-simple"},"_links":{"self":[{"href":"https:\/\/bgnfurniture.com\/en\/wp-json\/wp\/v2\/product\/824","targetHints":{"allow":["GET"]}}],"collection":[{"href":"https:\/\/bgnfurniture.com\/en\/wp-json\/wp\/v2\/product"}],"about":[{"href":"https:\/\/bgnfurniture.com\/en\/wp-json\/wp\/v2\/types\/product"}],"replies":[{"embeddable":true,"href":"https:\/\/bgnfurniture.com\/en\/wp-json\/wp\/v2\/comments?post=824"}],"wp:featuredmedia":[{"embeddable":true,"href":"https:\/\/bgnfurniture.com\/en\/wp-json\/wp\/v2\/media\/827"}],"wp:attachment":[{"href":"https:\/\/bgnfurniture.com\/en\/wp-json\/wp\/v2\/media?parent=824"}],"wp:term":[{"taxonomy":"product_brand","embeddable":true,"href":"https:\/\/bgnfurniture.com\/en\/wp-json\/wp\/v2\/product_brand?post=824"},{"taxonomy":"product_cat","embeddable":true,"href":"https:\/\/bgnfurniture.com\/en\/wp-json\/wp\/v2\/product_cat?post=824"},{"taxonomy":"product_tag","embeddable":true,"href":"https:\/\/bgnfurniture.com\/en\/wp-json\/wp\/v2\/product_tag?post=824"}],"curies":[{"name":"wp","href":"https:\/\/api.w.org\/{rel}","templated":true}]}}