{"id":903,"date":"2022-06-02T01:48:39","date_gmt":"2022-06-01T18:48:39","guid":{"rendered":"https:\/\/bgnfurniture.com\/?post_type=product&#038;p=903"},"modified":"2024-11-01T09:20:52","modified_gmt":"2024-11-01T02:20:52","slug":"bo-ban-ghe-ca-phe-cf14","status":"publish","type":"product","link":"https:\/\/bgnfurniture.com\/en\/product\/bo-ban-ghe-ca-phe-cf14\/","title":{"rendered":"Saman Wood Coffee Table and Chair Set CF21-WR-20-04"},"content":{"rendered":"<p><span style=\"color: #000000;\"><img fetchpriority=\"high\" decoding=\"async\" class=\"aligncenter wp-image-3493 size-large\" src=\"https:\/\/bgnfurniture.com\/wp-content\/uploads\/2022\/06\/CF21-WRG-20-04-Br-1067x800.jpg\" alt=\"\" width=\"1067\" height=\"800\" srcset=\"https:\/\/bgnfurniture.com\/wp-content\/uploads\/2022\/06\/CF21-WRG-20-04-Br-1067x800.jpg 1067w, https:\/\/bgnfurniture.com\/wp-content\/uploads\/2022\/06\/CF21-WRG-20-04-Br-533x400.jpg 533w, https:\/\/bgnfurniture.com\/wp-content\/uploads\/2022\/06\/CF21-WRG-20-04-Br-768x576.jpg 768w, https:\/\/bgnfurniture.com\/wp-content\/uploads\/2022\/06\/CF21-WRG-20-04-Br-1536x1152.jpg 1536w, https:\/\/bgnfurniture.com\/wp-content\/uploads\/2022\/06\/CF21-WRG-20-04-Br-16x12.jpg 16w, https:\/\/bgnfurniture.com\/wp-content\/uploads\/2022\/06\/CF21-WRG-20-04-Br-510x383.jpg 510w, https:\/\/bgnfurniture.com\/wp-content\/uploads\/2022\/06\/CF21-WRG-20-04-Br.jpg 1600w\" sizes=\"(max-width: 1067px) 100vw, 1067px\" \/><img decoding=\"async\" class=\"aligncenter size-large wp-image-926\" src=\"https:\/\/bgnfurniture.com\/wp-content\/uploads\/2022\/06\/TI-S-60-L72-WR-1067x800.png\" alt=\"\" width=\"1020\" height=\"765\" srcset=\"https:\/\/bgnfurniture.com\/wp-content\/uploads\/2022\/06\/TI-S-60-L72-WR-1067x800.png 1067w, https:\/\/bgnfurniture.com\/wp-content\/uploads\/2022\/06\/TI-S-60-L72-WR-533x400.png 533w, https:\/\/bgnfurniture.com\/wp-content\/uploads\/2022\/06\/TI-S-60-L72-WR-768x576.png 768w, https:\/\/bgnfurniture.com\/wp-content\/uploads\/2022\/06\/TI-S-60-L72-WR-1536x1152.png 1536w, https:\/\/bgnfurniture.com\/wp-content\/uploads\/2022\/06\/TI-S-60-L72-WR-2048x1536.png 2048w, https:\/\/bgnfurniture.com\/wp-content\/uploads\/2022\/06\/TI-S-60-L72-WR-510x383.png 510w\" sizes=\"(max-width: 1020px) 100vw, 1020px\" \/><img decoding=\"async\" class=\"aligncenter wp-image-3242 size-large\" src=\"https:\/\/bgnfurniture.com\/wp-content\/uploads\/2022\/06\/AC-20-Cm-In-800x800.jpg\" alt=\"\" width=\"800\" height=\"800\" srcset=\"https:\/\/bgnfurniture.com\/wp-content\/uploads\/2022\/06\/AC-20-Cm-In-800x800.jpg 800w, https:\/\/bgnfurniture.com\/wp-content\/uploads\/2022\/06\/AC-20-Cm-In-400x400.jpg 400w, https:\/\/bgnfurniture.com\/wp-content\/uploads\/2022\/06\/AC-20-Cm-In-280x280.jpg 280w, https:\/\/bgnfurniture.com\/wp-content\/uploads\/2022\/06\/AC-20-Cm-In-768x768.jpg 768w, https:\/\/bgnfurniture.com\/wp-content\/uploads\/2022\/06\/AC-20-Cm-In-12x12.jpg 12w, https:\/\/bgnfurniture.com\/wp-content\/uploads\/2022\/06\/AC-20-Cm-In-510x510.jpg 510w, https:\/\/bgnfurniture.com\/wp-content\/uploads\/2022\/06\/AC-20-Cm-In-100x100.jpg 100w, https:\/\/bgnfurniture.com\/wp-content\/uploads\/2022\/06\/AC-20-Cm-In.jpg 1000w\" sizes=\"(max-width: 800px) 100vw, 800px\" \/> <img loading=\"lazy\" decoding=\"async\" class=\"aligncenter size-large wp-image-497\" src=\"https:\/\/bgnfurniture.com\/wp-content\/uploads\/2022\/05\/AC-20-2-1067x800.png\" alt=\"\" width=\"1020\" height=\"765\" srcset=\"https:\/\/bgnfurniture.com\/wp-content\/uploads\/2022\/05\/AC-20-2-1067x800.png 1067w, https:\/\/bgnfurniture.com\/wp-content\/uploads\/2022\/05\/AC-20-2-533x400.png 533w, https:\/\/bgnfurniture.com\/wp-content\/uploads\/2022\/05\/AC-20-2-768x576.png 768w, https:\/\/bgnfurniture.com\/wp-content\/uploads\/2022\/05\/AC-20-2-1536x1152.png 1536w, https:\/\/bgnfurniture.com\/wp-content\/uploads\/2022\/05\/AC-20-2-510x383.png 510w, https:\/\/bgnfurniture.com\/wp-content\/uploads\/2022\/05\/AC-20-2.png 2000w\" sizes=\"(max-width: 1020px) 100vw, 1020px\" \/> <img loading=\"lazy\" decoding=\"async\" class=\"aligncenter size-large wp-image-496\" src=\"https:\/\/bgnfurniture.com\/wp-content\/uploads\/2022\/05\/AC-20-1-1067x800.png\" alt=\"\" width=\"1020\" height=\"765\" srcset=\"https:\/\/bgnfurniture.com\/wp-content\/uploads\/2022\/05\/AC-20-1-1067x800.png 1067w, https:\/\/bgnfurniture.com\/wp-content\/uploads\/2022\/05\/AC-20-1-533x400.png 533w, https:\/\/bgnfurniture.com\/wp-content\/uploads\/2022\/05\/AC-20-1-768x576.png 768w, https:\/\/bgnfurniture.com\/wp-content\/uploads\/2022\/05\/AC-20-1-1536x1152.png 1536w, https:\/\/bgnfurniture.com\/wp-content\/uploads\/2022\/05\/AC-20-1-510x383.png 510w, https:\/\/bgnfurniture.com\/wp-content\/uploads\/2022\/05\/AC-20-1.png 2000w\" sizes=\"(max-width: 1020px) 100vw, 1020px\" \/><img loading=\"lazy\" decoding=\"async\" class=\"aligncenter size-large wp-image-2313\" src=\"https:\/\/bgnfurniture.com\/wp-content\/uploads\/2022\/05\/Chi-tiet-AC-20-533x800.jpg\" alt=\"\" width=\"533\" height=\"800\" srcset=\"https:\/\/bgnfurniture.com\/wp-content\/uploads\/2022\/05\/Chi-tiet-AC-20-533x800.jpg 533w, https:\/\/bgnfurniture.com\/wp-content\/uploads\/2022\/05\/Chi-tiet-AC-20-267x400.jpg 267w, https:\/\/bgnfurniture.com\/wp-content\/uploads\/2022\/05\/Chi-tiet-AC-20-768x1152.jpg 768w, https:\/\/bgnfurniture.com\/wp-content\/uploads\/2022\/05\/Chi-tiet-AC-20-1024x1536.jpg 1024w, https:\/\/bgnfurniture.com\/wp-content\/uploads\/2022\/05\/Chi-tiet-AC-20-1365x2048.jpg 1365w, https:\/\/bgnfurniture.com\/wp-content\/uploads\/2022\/05\/Chi-tiet-AC-20-8x12.jpg 8w, https:\/\/bgnfurniture.com\/wp-content\/uploads\/2022\/05\/Chi-tiet-AC-20-510x765.jpg 510w, https:\/\/bgnfurniture.com\/wp-content\/uploads\/2022\/05\/Chi-tiet-AC-20-scaled.jpg 1707w\" sizes=\"(max-width: 533px) 100vw, 533px\" \/><img loading=\"lazy\" decoding=\"async\" class=\"aligncenter size-large wp-image-2328\" src=\"https:\/\/bgnfurniture.com\/wp-content\/uploads\/2022\/06\/Packing-AC-20-1066x800.jpg\" alt=\"\" width=\"1020\" height=\"765\" srcset=\"https:\/\/bgnfurniture.com\/wp-content\/uploads\/2022\/06\/Packing-AC-20-1066x800.jpg 1066w, https:\/\/bgnfurniture.com\/wp-content\/uploads\/2022\/06\/Packing-AC-20-533x400.jpg 533w, https:\/\/bgnfurniture.com\/wp-content\/uploads\/2022\/06\/Packing-AC-20-768x576.jpg 768w, https:\/\/bgnfurniture.com\/wp-content\/uploads\/2022\/06\/Packing-AC-20-1536x1152.jpg 1536w, https:\/\/bgnfurniture.com\/wp-content\/uploads\/2022\/06\/Packing-AC-20-2048x1536.jpg 2048w, https:\/\/bgnfurniture.com\/wp-content\/uploads\/2022\/06\/Packing-AC-20-16x12.jpg 16w, https:\/\/bgnfurniture.com\/wp-content\/uploads\/2022\/06\/Packing-AC-20-510x383.jpg 510w\" sizes=\"(max-width: 1020px) 100vw, 1020px\" \/><img loading=\"lazy\" decoding=\"async\" class=\"aligncenter size-large wp-image-3093\" src=\"https:\/\/bgnfurniture.com\/wp-content\/uploads\/2022\/05\/L72-1007x800.jpg\" alt=\"\" width=\"1007\" height=\"800\" srcset=\"https:\/\/bgnfurniture.com\/wp-content\/uploads\/2022\/05\/L72-1007x800.jpg 1007w, https:\/\/bgnfurniture.com\/wp-content\/uploads\/2022\/05\/L72-504x400.jpg 504w, https:\/\/bgnfurniture.com\/wp-content\/uploads\/2022\/05\/L72-768x610.jpg 768w, https:\/\/bgnfurniture.com\/wp-content\/uploads\/2022\/05\/L72-15x12.jpg 15w, https:\/\/bgnfurniture.com\/wp-content\/uploads\/2022\/05\/L72-510x405.jpg 510w, https:\/\/bgnfurniture.com\/wp-content\/uploads\/2022\/05\/L72.jpg 1410w\" sizes=\"(max-width: 1007px) 100vw, 1007px\" \/><\/span><\/p>\n<p><span style=\"color: #000000;\">Technical information:<\/span><\/p>\n<table style=\"height: 251px; width: 100%; border-collapse: collapse;\" border=\"1\">\n<tbody>\n<tr style=\"height: 22px;\">\n<td style=\"width: 21.4541%; height: 22px; text-align: center;\"><span style=\"color: #000000;\"><strong>Product's name<\/strong><\/span><\/td>\n<td style=\"width: 78.4788%; height: 22px;\"><span style=\"color: #000000;\"><strong>B\u00e0n Nh\u00f4m \u0110\u00fac M\u1eb7t G\u1ed7<\/strong><\/span><\/td>\n<\/tr>\n<tr style=\"height: 23px;\">\n<td style=\"width: 21.4541%; height: 23px;\"><span style=\"color: #000000;\"><strong>Models<\/strong><\/span><\/td>\n<td style=\"width: 78.4788%; height: 23px;\"><span style=\"color: #000000;\"><strong>TI-S-60-L72-WRG-W\/Br\/B<br \/>\nTI-S-60-L72-WRB-W\/Br\/B<\/strong><\/span><\/td>\n<\/tr>\n<tr style=\"height: 23px;\">\n<td style=\"width: 21.4541%; height: 23px;\"><span style=\"color: #000000;\">Colors<\/span><\/td>\n<td style=\"width: 78.4788%; height: 23px;\"><span style=\"color: #000000;\">M\u1eb7t b\u00e0n s\u01a1n PU, Ch\u00e2n b\u00e0n m\u00e0u Tr\u1eafng\/ \u0110\u1ed3ng\/ \u0110en<\/span><\/td>\n<\/tr>\n<tr style=\"height: 21px;\">\n<td style=\"width: 21.4541%; height: 21px;\"><span style=\"color: #000000;\">Finished surface of pillar leg<\/span><\/td>\n<td style=\"width: 78.4788%; height: 21px;\"><span style=\"color: #000000;\">Sand Blasted<\/span><\/td>\n<\/tr>\n<tr style=\"height: 19px;\">\n<td style=\"width: 21.4541%; height: 19px;\"><span style=\"color: #000000;\"><strong>Dimensions<\/strong><\/span><\/td>\n<td style=\"width: 78.4788%; height: 19px;\"><span style=\"color: #000000;\"><b>L60xW60xH77 cm<\/b><\/span><\/td>\n<\/tr>\n<tr style=\"height: 23px;\">\n<td style=\"width: 21.4541%; height: 23px;\"><span style=\"color: #000000;\">Surface Paint<\/span><\/td>\n<td style=\"width: 78.4788%; height: 23px;\"><span style=\"color: #000000;\">Powder Coating<\/span><\/td>\n<\/tr>\n<tr style=\"height: 23px;\">\n<td style=\"width: 21.4541%; height: 23px;\"><span style=\"color: #000000;\">Material<\/span><\/td>\n<td style=\"width: 78.4788%; height: 23px;\"><span style=\"color: #000000;\">Ch\u00e2n b\u00e0n Nh\u00f4m, M\u1eb7t b\u00e0n g\u1ed7 Me T\u00e2y<\/span><\/td>\n<\/tr>\n<tr style=\"height: 20px;\">\n<td style=\"width: 21.4541%; height: 20px;\"><span style=\"color: #000000;\">Style<\/span><\/td>\n<td style=\"width: 78.4788%; height: 20px;\"><span style=\"color: #000000;\">Classic<\/span><\/td>\n<\/tr>\n<tr style=\"height: 23px;\">\n<td style=\"width: 21.4541%; height: 23px;\"><span style=\"color: #000000;\">Origin<\/span><\/td>\n<td style=\"width: 78.4788%; height: 23px;\"><span style=\"color: #000000;\">Viet Nam<\/span><\/td>\n<\/tr>\n<tr style=\"height: 31px;\">\n<td style=\"width: 21.4541%; height: 31px;\"><span style=\"color: #000000;\"><strong>Brand<\/strong><\/span><\/td>\n<td style=\"width: 78.4788%; height: 31px;\"><span style=\"color: #000000;\"><strong>bgn.vn<\/strong><\/span><\/td>\n<\/tr>\n<tr style=\"height: 23px;\">\n<td style=\"width: 21.4541%; height: 23px;\"><span style=\"color: #000000;\">Warranty<\/span><\/td>\n<td style=\"width: 78.4788%; height: 23px;\"><span style=\"color: #000000;\">2 years<\/span><\/td>\n<\/tr>\n<\/tbody>\n<\/table>\n<p>&nbsp;<\/p>\n<table style=\"height: 251px; width: 100%; border-collapse: collapse; border-style: solid;\" border=\"1\">\n<tbody>\n<tr style=\"height: 23px;\">\n<td style=\"width: 21.4286%; height: 23px; text-align: center;\"><span style=\"color: #000000;\"><strong>Product's name<\/strong><\/span><\/td>\n<td style=\"width: 78.4524%; height: 23px;\"><span style=\"color: #000000;\"><strong>CAST ALUMINUM CHAIRS<\/strong><\/span><\/td>\n<\/tr>\n<tr style=\"height: 23px;\">\n<td style=\"width: 21.4286%; height: 23px;\"><span style=\"color: #000000;\"><strong>Models<\/strong><\/span><\/td>\n<td style=\"width: 78.4524%; height: 23px;\"><span style=\"color: #000000;\"><b>AC-20-W\/Br\/B<\/b><\/span><\/td>\n<\/tr>\n<tr style=\"height: 23px;\">\n<td style=\"width: 21.4286%; height: 23px;\"><span style=\"color: #000000;\">Colors<\/span><\/td>\n<td style=\"width: 78.4524%; height: 23px;\"><span style=\"color: #000000;\">White\/ Bronze\/ Black<\/span><\/td>\n<\/tr>\n<tr style=\"height: 21px;\">\n<td style=\"width: 21.4286%; height: 21px;\"><span style=\"color: #000000;\">Top Coat Finishing<\/span><\/td>\n<td style=\"width: 78.4524%; height: 21px;\"><span style=\"color: #000000;\">Sand Blasted<\/span><\/td>\n<\/tr>\n<tr style=\"height: 23px;\">\n<td style=\"width: 21.4286%; height: 23px;\"><span style=\"color: #000000;\"><strong>Dimensions<\/strong><\/span><\/td>\n<td style=\"width: 78.4524%; height: 23px;\"><span style=\"color: #000000;\"><strong>L50xW45xH91 cm<\/strong><\/span><\/td>\n<\/tr>\n<tr style=\"height: 23px;\">\n<td style=\"width: 21.4286%; height: 23px;\"><span style=\"color: #000000;\">Surface Paint<\/span><\/td>\n<td style=\"width: 78.4524%; height: 23px;\"><span style=\"color: #000000;\">Powder Coating<\/span><\/td>\n<\/tr>\n<tr style=\"height: 23px;\">\n<td style=\"width: 21.4286%; height: 23px;\"><span style=\"color: #000000;\">Material<\/span><\/td>\n<td style=\"width: 78.4524%; height: 23px;\"><span style=\"color: #000000;\">Aluminum<\/span><\/td>\n<\/tr>\n<tr style=\"height: 23px;\">\n<td style=\"width: 21.4286%; height: 23px;\"><span style=\"color: #000000;\">Style<\/span><\/td>\n<td style=\"width: 78.4524%; height: 23px;\"><span style=\"color: #000000;\">Classic<\/span><\/td>\n<\/tr>\n<tr style=\"height: 23px;\">\n<td style=\"width: 21.4286%; height: 23px;\"><span style=\"color: #000000;\">Origin<\/span><\/td>\n<td style=\"width: 78.4524%; height: 23px;\"><span style=\"color: #000000;\">Viet Nam<\/span><\/td>\n<\/tr>\n<tr style=\"height: 23px;\">\n<td style=\"width: 21.4286%; height: 23px;\"><span style=\"color: #000000;\"><strong>Brand<\/strong><\/span><\/td>\n<td style=\"width: 78.4524%; height: 23px;\"><span style=\"color: #000000;\"><strong>bgn.vn<\/strong><\/span><\/td>\n<\/tr>\n<tr style=\"height: 23px;\">\n<td style=\"width: 21.4286%; height: 23px;\"><span style=\"color: #000000;\">Warranty<\/span><\/td>\n<td style=\"width: 78.4524%; height: 23px;\"><span style=\"color: #000000;\">2 years<\/span><\/td>\n<\/tr>\n<\/tbody>\n<\/table>\n<p><span style=\"color: #000000;\"><span style=\"font-size: 19px;\">Call <!--This link will work on Android and iPhone. It will be visible to desktop users but will result in an error when clicked --><span style=\"color: #000077;\"><a style=\"color: #000077;\" href=\"tel:093 12345 75\">093 12345 75<\/a> <\/span>To own a set of high-class cast aluminum furniture at the most reasonable price!<\/span><\/span><\/p>\n<div class=\"ddict_btn\" style=\"top: 4470px; left: 595.859px;\"><\/div>","protected":false},"excerpt":{"rendered":"<p><strong><span style=\"color: #000000;\">T\u00ean s\u1ea3n ph\u1ea9m: B\u1ed9 B\u00e0n Gh\u00e9 Coffee G\u1ed7 Me T\u00e2y<br \/>\nM\u00e3 b\u1ed9:<br \/>\nBGN-CF21-20-04-WRG-W\/Br\/B<br \/>\nBGN-CF21-20-04-WRB-W\/Br\/B<\/span><\/strong><span style=\"color: #000000;\"><br \/>\nDimensions: See details below<\/span><br \/>\n<span style=\"color: #000000;\">Materials: Aluminum, Wood<\/span><br \/>\n<span style=\"color: #000000;\">M\u00e0u S\u1eafc: M\u1eb7t b\u00e0n s\u01a1n PU<br \/>\nPillar leg: White\/ Bronze\/ Black<br \/>\n<\/span><span style=\"color: #000000;\"><span style=\"font-size: 100%;\"><span style=\"color: #ed1c24; font-size: 110%;\"><strong>(Customers who need Black products or color options please get in touch with us for advice and orders.)<\/strong><\/span><\/span><br \/>\nFinished surface of pillar leg: Sand Blasted<br \/>\n<\/span><span style=\"color: #000000;\"><strong>(The above price does not include VAT)<\/strong><\/span><br \/>\n<span style=\"color: #000077; font-size: 120%;\"><strong>Contact:\u00a0<a style=\"color: #000077;\" href=\"tel:093 12345 75\">093 12345 75<\/a><\/strong><\/span><\/p>\n<p><span style=\"color: #000077;\"><span style=\"font-size: 15.84px;\"><b>Table assembly instructions<\/b><\/span><\/span><br \/>\n<a href=\"https:\/\/bgnfurniture.com\/en\/video-lap-rap-ghe-ac-20\/\"><strong><span style=\"text-decoration: underline;\"><span style=\"color: #000077; font-size: 110%;\">Chair assembly instructions<\/span><\/span><\/strong><\/a><\/p>","protected":false},"featured_media":3493,"comment_status":"open","ping_status":"closed","template":"","meta":{"_eb_attr":""},"product_brand":[],"product_cat":[69],"product_tag":[170,175,119,171,579,578,299,583,309,849,853,213,854,216,855],"class_list":{"0":"post-903","1":"product","2":"type-product","3":"status-publish","4":"has-post-thumbnail","6":"product_cat-bo-suu-tap-ban-ghe-ca-phe","7":"product_tag-2-ghe-ac-20","8":"product_tag-4-ghe-ac-20","9":"product_tag-ac-20","10":"product_tag-ban-ghe-ca-phe","11":"product_tag-ban-ghe-ca-phe-go-me-tay","12":"product_tag-ban-ghe-ca-phe-mat-go-me-tay","13":"product_tag-ban-go","14":"product_tag-ban-go-60","15":"product_tag-ban-go-me-tay-vuong-600","16":"product_tag-ban-go-vuong","17":"product_tag-ban-go-vuong-60","18":"product_tag-ban-nhom-vuong-mat-go-me-tay-wr02","19":"product_tag-go-60","20":"product_tag-ti-c-60-l72-wr","21":"product_tag-vuong-60","23":"first","24":"instock","25":"taxable","26":"shipping-taxable","27":"product-type-simple"},"_links":{"self":[{"href":"https:\/\/bgnfurniture.com\/en\/wp-json\/wp\/v2\/product\/903","targetHints":{"allow":["GET"]}}],"collection":[{"href":"https:\/\/bgnfurniture.com\/en\/wp-json\/wp\/v2\/product"}],"about":[{"href":"https:\/\/bgnfurniture.com\/en\/wp-json\/wp\/v2\/types\/product"}],"replies":[{"embeddable":true,"href":"https:\/\/bgnfurniture.com\/en\/wp-json\/wp\/v2\/comments?post=903"}],"wp:featuredmedia":[{"embeddable":true,"href":"https:\/\/bgnfurniture.com\/en\/wp-json\/wp\/v2\/media\/3493"}],"wp:attachment":[{"href":"https:\/\/bgnfurniture.com\/en\/wp-json\/wp\/v2\/media?parent=903"}],"wp:term":[{"taxonomy":"product_brand","embeddable":true,"href":"https:\/\/bgnfurniture.com\/en\/wp-json\/wp\/v2\/product_brand?post=903"},{"taxonomy":"product_cat","embeddable":true,"href":"https:\/\/bgnfurniture.com\/en\/wp-json\/wp\/v2\/product_cat?post=903"},{"taxonomy":"product_tag","embeddable":true,"href":"https:\/\/bgnfurniture.com\/en\/wp-json\/wp\/v2\/product_tag?post=903"}],"curies":[{"name":"wp","href":"https:\/\/api.w.org\/{rel}","templated":true}]}}